{"id":92,"date":"2019-08-20T21:24:19","date_gmt":"2019-08-20T19:24:19","guid":{"rendered":"http:\/\/szkolapodlipami.pl\/?page_id=92"},"modified":"2025-03-04T18:56:52","modified_gmt":"2025-03-04T17:56:52","slug":"klasy-sos","status":"publish","type":"page","link":"https:\/\/szkolapodlipami.pl\/?page_id=92","title":{"rendered":"Siatkarski O\u015brodek Szkolny"},"content":{"rendered":"<p><img loading=\"lazy\" decoding=\"async\" class=\"aligncenter size-full wp-image-215\" src=\"https:\/\/szkolapodlipami.pl\/wp-content\/uploads\/2019\/10\/sos-logo.png\" alt=\"\" width=\"667\" height=\"102\" srcset=\"https:\/\/szkolapodlipami.pl\/wp-content\/uploads\/2019\/10\/sos-logo.png 667w, https:\/\/szkolapodlipami.pl\/wp-content\/uploads\/2019\/10\/sos-logo-300x46.png 300w, https:\/\/szkolapodlipami.pl\/wp-content\/uploads\/2019\/10\/sos-logo-430x66.png 430w\" sizes=\"auto, (max-width: 667px) 100vw, 667px\" \/><\/p>\n<p>Siatkarskie O\u015brodki Szkolne (SOS) to og\u00f3lnopolski projekt szkoleniowy finansowany przez Ministerstwo Sportu i\u00a0Turystyki, skierowany do dzieci i m\u0142odzie\u017cy. Jego g\u0142\u00f3wnym celem jest upowszechnianie sportu, a\u00a0w\u00a0szczeg\u00f3lno\u015bci\u00a0siatk\u00f3wki.<\/p>\n<p>SOS powsta\u0142 w 2012 roku z inicjatywy Polskiego Zwi\u0105zku Pi\u0142ki Siatkowej. To jedyny, tak szeroko zakrojony, nowoczesny siatkarski projekt szkoleniowy dla dzieci i m\u0142odzie\u017cy na \u015bwiecie. Obejmuje szko\u0142y podstawowe i ponadpodstawowe w ca\u0142ym kraju. Opiera si\u0119 na idei wsp\u00f3\u0142pracy szko\u0142y, lokalnego samorz\u0105du i zwi\u0105zku sportowego.<\/p>\n<p>W program zaanga\u017cowani s\u0105 nauczyciele, trenerzy i instruktorzy, rodzice, fizjoterapeuci i lokalne samorz\u0105dy. Dzi\u0119ki temu lokalna spo\u0142eczno\u015b\u0107 aktywizuje si\u0119 i tworzy spo\u0142eczn\u0105 struktur\u0119 wsparcia dla inicjatywy.<strong>\u00a0<\/strong><\/p>\n<p>&nbsp;<\/p>\n<p style=\"text-align: center;\"><strong>\u00a0<img loading=\"lazy\" decoding=\"async\" class=\"aligncenter size-full wp-image-217\" src=\"https:\/\/szkolapodlipami.pl\/wp-content\/uploads\/2019\/10\/SOS_AKADEMIA-Logo.jpg\" alt=\"\" width=\"650\" height=\"312\" srcset=\"https:\/\/szkolapodlipami.pl\/wp-content\/uploads\/2019\/10\/SOS_AKADEMIA-Logo.jpg 650w, https:\/\/szkolapodlipami.pl\/wp-content\/uploads\/2019\/10\/SOS_AKADEMIA-Logo-300x144.jpg 300w, https:\/\/szkolapodlipami.pl\/wp-content\/uploads\/2019\/10\/SOS_AKADEMIA-Logo-430x206.jpg 430w\" sizes=\"auto, (max-width: 650px) 100vw, 650px\" \/><\/strong><\/p>\n<p>Polski Zwi\u0105zek Pi\u0142ki Siatkowej poprzez projekt Siatkarskich O\u015brodk\u00f3w Szkolnych rozszerzy\u0142 zakres opieki szkoleniowej i organizacyjnej nad dzie\u0107mi i m\u0142odzie\u017c\u0105 i utworzy\u0142 system wsp\u00f3\u0142pracy ze szko\u0142ami podstawowymi.<\/p>\n<p>Ka\u017cda szko\u0142a S.O.S. powo\u0142uje Akademi\u0119 S.O.S. z udzia\u0142em szk\u00f3\u0142 ni\u017cszego szczebla tworz\u0105c system szkolenia w\u00a0mini siatk\u00f3wce i tym samym przygotowuje m\u0142odzie\u017c do szkolenia na poziomie szk\u00f3\u0142 S.O.S.<\/p>\n<p>&nbsp;<\/p>\n<p>&nbsp;<\/p>\n<table>\n<tbody>\n<tr>\n<td style=\"text-align: center;\" colspan=\"3\" width=\"604\"><strong>Zaj\u0119cia indywidualne Siatkarskich O\u015brodk\u00f3w Szkolnych<\/strong><\/td>\n<\/tr>\n<tr>\n<td width=\"201\"><\/td>\n<td width=\"201\">Godzina &#8211; grupa<\/td>\n<td width=\"201\">Trener<\/td>\n<\/tr>\n<tr>\n<td width=\"201\">Poniedzia\u0142ek<\/td>\n<td width=\"201\">7.15 &#8211; 8.15\/5 klasa<\/td>\n<td width=\"201\">Dagmara Ciarka<\/td>\n<\/tr>\n<tr>\n<td width=\"201\">Wtorek<\/td>\n<td width=\"201\"><\/td>\n<td width=\"201\"><\/td>\n<\/tr>\n<tr>\n<td width=\"201\">\u015aroda<\/td>\n<td width=\"201\">7.30 \u2013 9.10\/Kadet<\/td>\n<td width=\"201\">Piotr Ko\u0142odziejski<\/td>\n<\/tr>\n<tr>\n<td rowspan=\"2\" width=\"201\">Czwartek<\/td>\n<td width=\"201\">7.30 &#8211; 9.10\/Kadet<\/p>\n<p>7.30 \u2013 9.10\/6 klasa<\/td>\n<td width=\"201\">Piotr Ko\u0142odziejski<\/p>\n<p>Dawid Rybakowski<\/td>\n<\/tr>\n<tr>\n<td width=\"201\">14.45 &#8211; 15.30\/5 klasa<\/td>\n<td width=\"201\">Dagmara Ciarka<\/td>\n<\/tr>\n<tr>\n<td width=\"201\">Pi\u0105tek<\/td>\n<td width=\"201\">12.00 &#8211; 14.00\/4,5 klasa<\/td>\n<td width=\"201\">Aleksandra Bekas<\/td>\n<\/tr>\n<\/tbody>\n<\/table>\n<p>&nbsp;<\/p>\n","protected":false},"excerpt":{"rendered":"<p>Siatkarskie O\u015brodki Szkolne (SOS) to og\u00f3lnopolski projekt szkoleniowy finansowany przez Ministerstwo Sportu i\u00a0Turystyki, skierowany do dzieci i m\u0142odzie\u017cy. Jego g\u0142\u00f3wnym celem jest upowszechnianie sportu, a\u00a0w\u00a0szczeg\u00f3lno\u015bci\u00a0siatk\u00f3wki. SOS powsta\u0142 w 2012 roku z inicjatywy Polskiego Zwi\u0105zku Pi\u0142ki Siatkowej. To jedyny, tak szeroko zakrojony, nowoczesny siatkarski projekt szkoleniowy dla dzieci i m\u0142odzie\u017cy na &hellip;<\/p>\n","protected":false},"author":1,"featured_media":0,"parent":0,"menu_order":0,"comment_status":"closed","ping_status":"closed","template":"","meta":{"footnotes":""},"class_list":["post-92","page","type-page","status-publish","hentry"],"_links":{"self":[{"href":"https:\/\/szkolapodlipami.pl\/index.php?rest_route=\/wp\/v2\/pages\/92","targetHints":{"allow":["GET"]}}],"collection":[{"href":"https:\/\/szkolapodlipami.pl\/index.php?rest_route=\/wp\/v2\/pages"}],"about":[{"href":"https:\/\/szkolapodlipami.pl\/index.php?rest_route=\/wp\/v2\/types\/page"}],"author":[{"embeddable":true,"href":"https:\/\/szkolapodlipami.pl\/index.php?rest_route=\/wp\/v2\/users\/1"}],"replies":[{"embeddable":true,"href":"https:\/\/szkolapodlipami.pl\/index.php?rest_route=%2Fwp%2Fv2%2Fcomments&post=92"}],"version-history":[{"count":11,"href":"https:\/\/szkolapodlipami.pl\/index.php?rest_route=\/wp\/v2\/pages\/92\/revisions"}],"predecessor-version":[{"id":2296,"href":"https:\/\/szkolapodlipami.pl\/index.php?rest_route=\/wp\/v2\/pages\/92\/revisions\/2296"}],"wp:attachment":[{"href":"https:\/\/szkolapodlipami.pl\/index.php?rest_route=%2Fwp%2Fv2%2Fmedia&parent=92"}],"curies":[{"name":"wp","href":"https:\/\/api.w.org\/{rel}","templated":true}]}}