{"id":69,"date":"2019-08-15T23:08:59","date_gmt":"2019-08-15T21:08:59","guid":{"rendered":"http:\/\/szkolapodlipami.pl\/?page_id=69"},"modified":"2025-09-23T03:25:16","modified_gmt":"2025-09-23T01:25:16","slug":"rada-rodzicow","status":"publish","type":"page","link":"https:\/\/szkolapodlipami.pl\/?page_id=69","title":{"rendered":"Rada rodzic\u00f3w"},"content":{"rendered":"<p>Czekamy na Pa\u0144stwa sugestie i propozycje, liczymy na \u00a0wsparcie.<\/p>\n<p><strong>Prezydium Rady Rodzic\u00f3w na rok szkolny 2025\/2026:<\/strong><\/p>\n<p>Przewodnicz\u0105ca: Joanna Kmiecik-Palczewska<br \/>\nZast\u0119pca (Liceum Og\u00f3lnokszta\u0142c\u0105ce): Karolina Garczarek<br \/>\nZast\u0119pca (Szko\u0142a Podstawowa): Wojciech Dobski<br \/>\nSekretarz: Marta Ciesielska<br \/>\nSkarbnik: Jakub Czaja<\/p>\n<p>&nbsp;<\/p>\n<p>e-mail: RadaRodzicow@szkolapodlipami.pl<\/p>\n<p>Numer konta: 92 1090 1737 0000 0001 5956 4332<\/p>\n<p><a href=\"http:\/\/gim5pozn.vipserv.org\/Pliki\/dokumenty\/Regulamin%20RR.pdf\" target=\"_blank\" rel=\"noopener noreferrer\">Regulamin Rady Rodzic\u00f3w<\/a><\/p>\n<p><a href=\"https:\/\/szkolapodlipami.pl\/wp-content\/uploads\/2025\/06\/Prezentacja1.pdf\">Sprawozdanie Rady Rodzic\u00f3w rok szkolny 2024\/2025\u00a0<\/a><\/p>\n","protected":false},"excerpt":{"rendered":"<p>Czekamy na Pa\u0144stwa sugestie i propozycje, liczymy na \u00a0wsparcie. Prezydium Rady Rodzic\u00f3w na rok szkolny 2025\/2026: Przewodnicz\u0105ca: Joanna Kmiecik-Palczewska Zast\u0119pca (Liceum Og\u00f3lnokszta\u0142c\u0105ce): Karolina Garczarek Zast\u0119pca (Szko\u0142a Podstawowa): Wojciech Dobski Sekretarz: Marta Ciesielska Skarbnik: Jakub Czaja &nbsp; e-mail: RadaRodzicow@szkolapodlipami.pl Numer konta: 92 1090 1737 0000 0001 5956 4332 Regulamin Rady Rodzic\u00f3w &hellip;<\/p>\n","protected":false},"author":1,"featured_media":0,"parent":0,"menu_order":0,"comment_status":"closed","ping_status":"closed","template":"","meta":{"footnotes":""},"class_list":["post-69","page","type-page","status-publish","hentry"],"_links":{"self":[{"href":"https:\/\/szkolapodlipami.pl\/index.php?rest_route=\/wp\/v2\/pages\/69","targetHints":{"allow":["GET"]}}],"collection":[{"href":"https:\/\/szkolapodlipami.pl\/index.php?rest_route=\/wp\/v2\/pages"}],"about":[{"href":"https:\/\/szkolapodlipami.pl\/index.php?rest_route=\/wp\/v2\/types\/page"}],"author":[{"embeddable":true,"href":"https:\/\/szkolapodlipami.pl\/index.php?rest_route=\/wp\/v2\/users\/1"}],"replies":[{"embeddable":true,"href":"https:\/\/szkolapodlipami.pl\/index.php?rest_route=%2Fwp%2Fv2%2Fcomments&post=69"}],"version-history":[{"count":27,"href":"https:\/\/szkolapodlipami.pl\/index.php?rest_route=\/wp\/v2\/pages\/69\/revisions"}],"predecessor-version":[{"id":2481,"href":"https:\/\/szkolapodlipami.pl\/index.php?rest_route=\/wp\/v2\/pages\/69\/revisions\/2481"}],"wp:attachment":[{"href":"https:\/\/szkolapodlipami.pl\/index.php?rest_route=%2Fwp%2Fv2%2Fmedia&parent=69"}],"curies":[{"name":"wp","href":"https:\/\/api.w.org\/{rel}","templated":true}]}}