{"id":65,"date":"2019-08-15T23:04:31","date_gmt":"2019-08-15T21:04:31","guid":{"rendered":"http:\/\/szkolapodlipami.pl\/?page_id=65"},"modified":"2025-03-13T14:14:55","modified_gmt":"2025-03-13T13:14:55","slug":"rodo","status":"publish","type":"page","link":"https:\/\/szkolapodlipami.pl\/?page_id=65","title":{"rendered":"RODO"},"content":{"rendered":"<p>Inspektor: Izabela Malinowska &#8211; Szabowska; mail: iod6_mjo@um.poznan.pl; tel.61\/8784907, 885992578<\/p>\n<p>Zast\u0119pca: Monika Drobnik; mail: iod4_mjo@uam.poznan.pl; tel. 61\/8784903, 885992553<\/p>\n<p><a href=\"https:\/\/szkolapodlipami.pl\/wp-content\/uploads\/2024\/09\/1.-sp_klauzula-informacyjna_-ogolna.pdf\">Informacja o przetwarzaniu danych osobowych &#8211; SP<\/a><\/p>\n<p><a href=\"https:\/\/szkolapodlipami.pl\/wp-content\/uploads\/2024\/09\/1a_lo_klauzula-informacyjna_-ogolna.pdf\">Informacja o przetwarzaniu danych osobowych &#8211; LO<\/a><\/p>\n<p><a href=\"https:\/\/szkolapodlipami.pl\/wp-content\/uploads\/2024\/09\/2.-sp_monitoring-wizyjny_ewidencja-wejsc_klauzula-informacyjna.-aktualizacja.pdf\">Monitoring wizyjny &#8211; ewidencja wej\u015b\u0107, klauzula informacyjna &#8211; SP<\/a><\/p>\n<p><a href=\"https:\/\/szkolapodlipami.pl\/wp-content\/uploads\/2024\/09\/2_lo_-monitoring-wizyjny_ewidencja-wejsc-na-teren-obiektu_klauzula-informacyjna.-aktualizacja.pdf\">Monitoring wizyjny &#8211; ewidencja wej\u015b\u0107, klauzula informacyjna &#8211; LO<\/a><\/p>\n<p><a href=\"https:\/\/szkolapodlipami.pl\/wp-content\/uploads\/2024\/09\/5a.-SP_wizerunek-dziecka-i-opiekuna-prawnego_wersja-podstawowa.pdf\">Przetwarzanie wizerunku ucznia &#8211; SP<\/a><\/p>\n<p><a href=\"https:\/\/szkolapodlipami.pl\/wp-content\/uploads\/2024\/09\/4a_lo_-wizerunek-ucznia-i-opiekuna-prawnego_wersja-podstawowa-1.pdf\">Przetwarzanie wizerunku ucznia &#8211; LO<\/a><\/p>\n<p><a href=\"https:\/\/szkolapodlipami.pl\/wp-content\/uploads\/2024\/09\/Klauzula-LAP.pdf\">Klauzula laptopy\u00a0<\/a><\/p>\n","protected":false},"excerpt":{"rendered":"<p>Inspektor: Izabela Malinowska &#8211; Szabowska; mail: iod6_mjo@um.poznan.pl; tel.61\/8784907, 885992578 Zast\u0119pca: Monika Drobnik; mail: iod4_mjo@uam.poznan.pl; tel. 61\/8784903, 885992553 Informacja o przetwarzaniu danych osobowych &#8211; SP Informacja o przetwarzaniu danych osobowych &#8211; LO Monitoring wizyjny &#8211; ewidencja wej\u015b\u0107, klauzula informacyjna &#8211; SP Monitoring wizyjny &#8211; ewidencja wej\u015b\u0107, klauzula informacyjna &#8211; LO Przetwarzanie &hellip;<\/p>\n","protected":false},"author":1,"featured_media":0,"parent":0,"menu_order":0,"comment_status":"closed","ping_status":"closed","template":"","meta":{"footnotes":""},"class_list":["post-65","page","type-page","status-publish","hentry"],"_links":{"self":[{"href":"https:\/\/szkolapodlipami.pl\/index.php?rest_route=\/wp\/v2\/pages\/65","targetHints":{"allow":["GET"]}}],"collection":[{"href":"https:\/\/szkolapodlipami.pl\/index.php?rest_route=\/wp\/v2\/pages"}],"about":[{"href":"https:\/\/szkolapodlipami.pl\/index.php?rest_route=\/wp\/v2\/types\/page"}],"author":[{"embeddable":true,"href":"https:\/\/szkolapodlipami.pl\/index.php?rest_route=\/wp\/v2\/users\/1"}],"replies":[{"embeddable":true,"href":"https:\/\/szkolapodlipami.pl\/index.php?rest_route=%2Fwp%2Fv2%2Fcomments&post=65"}],"version-history":[{"count":13,"href":"https:\/\/szkolapodlipami.pl\/index.php?rest_route=\/wp\/v2\/pages\/65\/revisions"}],"predecessor-version":[{"id":2342,"href":"https:\/\/szkolapodlipami.pl\/index.php?rest_route=\/wp\/v2\/pages\/65\/revisions\/2342"}],"wp:attachment":[{"href":"https:\/\/szkolapodlipami.pl\/index.php?rest_route=%2Fwp%2Fv2%2Fmedia&parent=65"}],"curies":[{"name":"wp","href":"https:\/\/api.w.org\/{rel}","templated":true}]}}