{"id":62,"date":"2019-08-15T22:56:07","date_gmt":"2019-08-15T20:56:07","guid":{"rendered":"http:\/\/szkolapodlipami.pl\/?page_id=62"},"modified":"2025-09-29T22:10:21","modified_gmt":"2025-09-29T20:10:21","slug":"dokumenty-szkolne","status":"publish","type":"page","link":"https:\/\/szkolapodlipami.pl\/?page_id=62","title":{"rendered":"Dokumenty szkolne"},"content":{"rendered":"<h3><\/h3>\n<h3>\n<a href=\"https:\/\/szkolapodlipami.pl\/wp-content\/uploads\/2025\/09\/Statut-zespolu-29-wrzesnia-2025.pdf\" target=\"_blank\" rel=\"noopener\">Statut Zespo\u0142u Szk\u00f3\u0142 z Oddzia\u0142ami Sportowymi<\/a><\/h3>\n<h3><strong><a href=\"https:\/\/szkolapodlipami.pl\/wp-content\/uploads\/2025\/09\/Statut-SP-29-wrzesnia-2025.pdf\" target=\"_blank\" rel=\"noopener noreferrer\">Statut Szko\u0142y Podstawowej<\/a><\/strong><\/h3>\n<h3><strong><a href=\"https:\/\/szkolapodlipami.pl\/wp-content\/uploads\/2025\/09\/Statut-LO-29-wrzesnia-2025.pdf\" target=\"_blank\" rel=\"noopener noreferrer\">Statut Liceum Sportowego<\/a><\/strong><\/h3>\n<h3><strong><a href=\"https:\/\/szkolapodlipami.pl\/wp-content\/uploads\/2024\/10\/Standardy-Ochrony-Maloletnich-ZSzOS-nr-1.pdf\" target=\"_blank\" rel=\"noopener\">Standardy Ochrony Ma\u0142oletnich<\/a><\/strong><\/h3>\n<h3><strong><a href=\"https:\/\/szkolapodlipami.pl\/wp-content\/uploads\/2024\/10\/Karta-Interwencji-zalacznik-nr-1-do-SOM-.pdf\">Karta interwencji &#8211; za\u0142\u0105cznik nr 1 do SOM\u00a0<\/a><\/strong><\/h3>\n<h3><strong><a href=\"https:\/\/szkolapodlipami.pl\/wp-content\/uploads\/2024\/10\/Oswiadczenie-o-niekaralnosci-zalacznik-nr-2-do-SOM.pdf\">O\u015bwiadczenie o niekaralno\u015bci\u00a0 &#8211; za\u0142\u0105cznik nr 2 do SOM\u00a0<\/a><\/strong><\/h3>\n<h3><strong><a href=\"http:\/\/gim5pozn.vipserv.org\/Pliki\/dokumenty\/dokumenty_szkolne\/Procedura%20przygotowania%20informacji.pdf\" target=\"_blank\" rel=\"noopener\">Procedura przygotowania informacji o uczniu<\/a><\/strong><\/h3>\n<h3><strong><a href=\"http:\/\/gim5pozn.vipserv.org\/Pliki\/innowacje\/IMG_0002.pdf\" target=\"_blank\" rel=\"noopener\">Procedura wypisania ucznia ze szko\u0142y<\/a><\/strong><\/h3>\n<h3><strong><a href=\"https:\/\/szkolapodlipami.pl\/wp-content\/uploads\/2025\/02\/wniosek-opinia.pdf\" target=\"_blank\" rel=\"noopener\">Wz\u00f3r wniosku o przygotowanie informacji o uczniu<\/a><\/strong><\/h3>\n<h3><strong><a href=\"http:\/\/gim5pozn.vipserv.org\/Pliki\/dokumenty\/dokumenty_szkolne\/aktualizacja.pdf\" target=\"_blank\" rel=\"noopener\">Aktualizacja informacji o uczniu<\/a><\/strong><\/h3>\n<h3><strong><a href=\"http:\/\/gim5pozn.vipserv.org\/Pliki\/dokumenty\/dokumenty_szkolne\/reg%20przypr.pdf\" target=\"_blank\" rel=\"noopener noreferrer\">Plan przyprowadzania i odbioru dzieci ze szko\u0142y<\/a><\/strong><\/h3>\n<h3><strong><a href=\"https:\/\/szkolapodlipami.pl\/wp-content\/uploads\/2025\/06\/Procedura.docx.pdf\">Procedura dokonywania zg\u0142osze\u0144 narusze\u0144 prawa\u00a0<\/a><\/strong><\/h3>\n<h3><strong><a href=\"https:\/\/szkolapodlipami.pl\/wp-content\/uploads\/2025\/06\/zgloszenie-1.pdf\">Formularz zg\u0142aszania narusze\u0144 prawa<\/a><\/strong><\/h3>\n<h3><strong><a href=\"https:\/\/szkolapodlipami.pl\/wp-content\/uploads\/2025\/06\/odwet.pdf\">Formularz zg\u0142oszenia dzia\u0142a\u0144 odwetowych<\/a><\/strong><\/h3>\n","protected":false},"excerpt":{"rendered":"<p>Statut Zespo\u0142u Szk\u00f3\u0142 z Oddzia\u0142ami Sportowymi Statut Szko\u0142y Podstawowej Statut Liceum Sportowego Standardy Ochrony Ma\u0142oletnich Karta interwencji &#8211; za\u0142\u0105cznik nr 1 do SOM\u00a0 O\u015bwiadczenie o niekaralno\u015bci\u00a0 &#8211; za\u0142\u0105cznik nr 2 do SOM\u00a0 Procedura przygotowania informacji o uczniu Procedura wypisania ucznia ze szko\u0142y Wz\u00f3r wniosku o przygotowanie informacji o uczniu Aktualizacja &hellip;<\/p>\n","protected":false},"author":1,"featured_media":0,"parent":0,"menu_order":0,"comment_status":"closed","ping_status":"closed","template":"","meta":{"footnotes":""},"class_list":["post-62","page","type-page","status-publish","hentry"],"_links":{"self":[{"href":"https:\/\/szkolapodlipami.pl\/index.php?rest_route=\/wp\/v2\/pages\/62","targetHints":{"allow":["GET"]}}],"collection":[{"href":"https:\/\/szkolapodlipami.pl\/index.php?rest_route=\/wp\/v2\/pages"}],"about":[{"href":"https:\/\/szkolapodlipami.pl\/index.php?rest_route=\/wp\/v2\/types\/page"}],"author":[{"embeddable":true,"href":"https:\/\/szkolapodlipami.pl\/index.php?rest_route=\/wp\/v2\/users\/1"}],"replies":[{"embeddable":true,"href":"https:\/\/szkolapodlipami.pl\/index.php?rest_route=%2Fwp%2Fv2%2Fcomments&post=62"}],"version-history":[{"count":43,"href":"https:\/\/szkolapodlipami.pl\/index.php?rest_route=\/wp\/v2\/pages\/62\/revisions"}],"predecessor-version":[{"id":2490,"href":"https:\/\/szkolapodlipami.pl\/index.php?rest_route=\/wp\/v2\/pages\/62\/revisions\/2490"}],"wp:attachment":[{"href":"https:\/\/szkolapodlipami.pl\/index.php?rest_route=%2Fwp%2Fv2%2Fmedia&parent=62"}],"curies":[{"name":"wp","href":"https:\/\/api.w.org\/{rel}","templated":true}]}}