{"id":54,"date":"2019-08-15T22:49:54","date_gmt":"2019-08-15T20:49:54","guid":{"rendered":"http:\/\/szkolapodlipami.pl\/?page_id=54"},"modified":"2025-12-02T18:29:25","modified_gmt":"2025-12-02T17:29:25","slug":"wsparcie-psychologiczno-pedagogiczne","status":"publish","type":"page","link":"https:\/\/szkolapodlipami.pl\/?page_id=54","title":{"rendered":"Wsparcie psychologiczno-pedagogiczne"},"content":{"rendered":"<p><strong>Zesp\u00f3\u0142 psychologiczno &#8211; pedagogiczny w naszej szkole<\/strong><\/p>\n<p>&nbsp;<\/p>\n<p>W naszej szkole dbamy nie tylko o rozw\u00f3j fizyczny uczni\u00f3w, ale r\u00f3wnie\u017c o ich dobre samopoczucie, motywacj\u0119 i komfort w nauce. Dlatego dzia\u0142a u nas zesp\u00f3\u0142 psychologiczno &#8211; pedagogiczny, kt\u00f3ry wspiera zar\u00f3wno dzieci, jak i rodzic\u00f3w w codziennych wyzwaniach.<\/p>\n<p>&nbsp;<\/p>\n<p>Czym si\u0119 zajmujemy?<\/p>\n<ul>\n<li>wspieramy uczni\u00f3w w radzeniu sobie z emocjami, stresem, a tak\u017ce w budowaniu pewno\u015bci siebie.<\/li>\n<li>pomagamy rodzicom w rozwi\u0105zywaniu trudno\u015bci wychowawczych i edukacyjnych.<\/li>\n<li>wsp\u00f3\u0142pracujemy z nauczycielami i trenerami, aby ka\u017cdy ucze\u0144 mia\u0142 zapewnione jak najlepsze warunki do rozwoju.<\/li>\n<li>prowadzimy zaj\u0119cia i warsztaty, kt\u00f3re ucz\u0105, jak lepiej radzi\u0107 sobie w szkole, w sporcie i w relacjach z r\u00f3wie\u015bnikami.<\/li>\n<\/ul>\n<p>&nbsp;<\/p>\n<p>Psycholog sportu<\/p>\n<p>Jako szko\u0142a sportowa mamy \u015bwiadomo\u015b\u0107, \u017ce rywalizacja i trening wymagaj\u0105 nie tylko sprawno\u015bci fizycznej, ale tak\u017ce si\u0142y psychicznej. Dlatego do dyspozycji uczni\u00f3w i rodzic\u00f3w jest psycholog sportu, kt\u00f3ry:<\/p>\n<ul>\n<li>uczy, jak radzi\u0107 sobie ze stresem przed zawodami,<\/li>\n<li>wspiera w budowaniu koncentracji i motywacji,<\/li>\n<li>pomaga w utrzymaniu r\u00f3wnowagi mi\u0119dzy szko\u0142\u0105, sportem i odpoczynkiem,<\/li>\n<li>wspiera w sytuacjach kryzysowych (np. kontuzja, spadek formy).<\/li>\n<\/ul>\n<p style=\"text-align: center;\"><strong>JESTE\u015aMY DLA WAS!\u00a0<\/strong><\/p>\n<p>Zesp\u00f3\u0142 psychologiczno-pedagogiczny to przestrze\u0144, w kt\u00f3rej ka\u017cdy ucze\u0144 i rodzic mo\u017ce otrzyma\u0107 pomoc, wsparcie i \u017cyczliw\u0105 rozmow\u0119. Naszym celem jest, aby dzieci czu\u0142y si\u0119 w szkole bezpiecznie, rozwija\u0142y swoje talenty i mia\u0142y satysfakcj\u0119 zar\u00f3wno z nauki, jak i z uprawiania sportu.<\/p>\n<p>&nbsp;<\/p>\n<p><strong>Plan pracy Zespo\u0142u Psychologiczno-Pedagogicznego<\/strong><\/p>\n<p>&nbsp;<\/p>\n<table width=\"699\">\n<tbody>\n<tr>\n<td width=\"142\">&nbsp;<\/td>\n<td width=\"274\">Kaja Knappe &#8211; pedagog<\/td>\n<td width=\"284\">Aleksandra Adamczyk &#8211; pedagog<\/td>\n<\/tr>\n<tr>\n<td width=\"142\">Poniedzia\u0142ek<\/td>\n<td width=\"274\">7.30 \u2013 12.45<\/td>\n<td width=\"284\">11.00 \u2013 17.00<\/td>\n<\/tr>\n<tr>\n<td width=\"142\">Wtorek<\/td>\n<td width=\"274\">9.00 \u2013 17.00<\/td>\n<td width=\"284\">7.00 \u2013 14.00<\/td>\n<\/tr>\n<tr>\n<td width=\"142\">\u015aroda<\/td>\n<td width=\"274\">7.30 \u2013 12.45<\/td>\n<td width=\"284\">11.00 \u2013 17.00<\/td>\n<\/tr>\n<tr>\n<td width=\"142\">Czwartek<\/td>\n<td width=\"274\">9.00 \u2013 17.00<\/td>\n<td width=\"284\">7.00 \u2013 14.00<\/td>\n<\/tr>\n<tr>\n<td width=\"142\">Pi\u0105tek<\/td>\n<td width=\"274\">7.30 \u2013 12.00 \/ 12.00-16.30<\/td>\n<td width=\"284\">7.00 \u2013 12.30 \/ 11.00-16.30<\/td>\n<\/tr>\n<\/tbody>\n<\/table>\n<p>&nbsp;<\/p>\n<table>\n<tbody>\n<tr>\n<td width=\"141\">&nbsp;<\/td>\n<td width=\"236\">Bartosz Roszak &#8211; psycholog<\/td>\n<td width=\"236\">Dariusz Czech- psycholog<\/td>\n<\/tr>\n<tr>\n<td width=\"141\">Poniedzia\u0142ek<\/td>\n<td width=\"236\">8.00 \u2013 12.30<\/td>\n<td width=\"236\">13.00 \u2013 16.00<\/td>\n<\/tr>\n<tr>\n<td width=\"141\">Wtorek<\/td>\n<td width=\"236\">8.00 \u2013 11.30<\/td>\n<td width=\"236\">12.00 \u2013 14.00<\/td>\n<\/tr>\n<tr>\n<td width=\"141\">\u015aroda<\/td>\n<td width=\"236\">14.00 \u2013 17.00<\/td>\n<td width=\"236\">7.30 \u2013 13.30<\/td>\n<\/tr>\n<tr>\n<td width=\"141\">Czwartek<\/td>\n<td width=\"236\">&nbsp;<\/td>\n<td width=\"236\">7.30 \u2013 13.30<\/td>\n<\/tr>\n<tr>\n<td width=\"141\">Pi\u0105tek<\/td>\n<td width=\"236\">&nbsp;<\/td>\n<td width=\"236\">7.30 \u2013 12.30<\/td>\n<\/tr>\n<\/tbody>\n<\/table>\n<p>&nbsp;<\/p>\n<table>\n<tbody>\n<tr>\n<td width=\"347\">Zaj\u0119cia korekcyjno \u2013 kompensacyjne<\/td>\n<td width=\"365\">Nauczyciel wspomagaj\u0105cy<\/td>\n<\/tr>\n<tr>\n<td width=\"347\">Aleksandra Adamczyk<\/p>\n<ul>\n<li>Poniedzia\u0142ek 14.55 \u2013 15.40<\/li>\n<li>Wtorek 8.20 \u2013 9.05<\/li>\n<li>\u015aroda 14.05 \u2013 14.50<\/li>\n<li>Czwartek 7.30 \u2013 8.15<\/li>\n<\/ul>\n<\/td>\n<td width=\"365\">Kaja Knappe<\/p>\n<ul>\n<li>Poniedzia\u0142ek 7.30-8.15, 8.20-9.05, 9.10-9.55, 10.00-10.45<\/li>\n<li>Wtorek 9.10-9.55, 10.00-10.45<\/li>\n<li>\u015aroda 11.00- 11.45, 11.55-12.40<\/li>\n<li>Czwartek 9.10-9.55, 10.00-10.45<\/li>\n<\/ul>\n<\/td>\n<\/tr>\n<\/tbody>\n<\/table>\n<p>&nbsp;<\/p>\n<p>&nbsp;<\/p>\n<p>&nbsp;<\/p>\n<p><strong><img loading=\"lazy\" decoding=\"async\" class=\"aligncenter wp-image-1666 \" src=\"https:\/\/szkolapodlipami.pl\/wp-content\/uploads\/2023\/09\/1920x810-1024x432.jpg\" alt=\"\" width=\"629\" height=\"265\" srcset=\"https:\/\/szkolapodlipami.pl\/wp-content\/uploads\/2023\/09\/1920x810-1024x432.jpg 1024w, https:\/\/szkolapodlipami.pl\/wp-content\/uploads\/2023\/09\/1920x810-300x127.jpg 300w, https:\/\/szkolapodlipami.pl\/wp-content\/uploads\/2023\/09\/1920x810-768x324.jpg 768w, https:\/\/szkolapodlipami.pl\/wp-content\/uploads\/2023\/09\/1920x810-1536x648.jpg 1536w, https:\/\/szkolapodlipami.pl\/wp-content\/uploads\/2023\/09\/1920x810-486x205.jpg 486w, https:\/\/szkolapodlipami.pl\/wp-content\/uploads\/2023\/09\/1920x810.jpg 1920w\" sizes=\"auto, (max-width: 629px) 100vw, 629px\" \/><\/strong><\/p>\n<h5><a href=\"http:\/\/gim5pozn.vipserv.org\/Pliki\/dokumenty\/pedagog\/czymzaj.pdf\" target=\"_blank\" rel=\"noopener noreferrer\">Czym zajmuje si\u0119 pedagog w ZSZOS nr 1<\/a><\/h5>\n<h5><a href=\"http:\/\/gim5pozn.vipserv.org\/Pliki\/dokumenty\/pedagog\/czymzajp.pdf\" target=\"_blank\" rel=\"noopener\">CZYM ZAJMUJE SI\u0118 PSYCHOLOG W ZSZOS NR 1<\/a><\/h5>\n<p>&nbsp;<\/p>\n","protected":false},"excerpt":{"rendered":"<p>Zesp\u00f3\u0142 psychologiczno &#8211; pedagogiczny w naszej szkole &nbsp; W naszej szkole dbamy nie tylko o rozw\u00f3j fizyczny uczni\u00f3w, ale r\u00f3wnie\u017c o ich dobre samopoczucie, motywacj\u0119 i komfort w nauce. Dlatego dzia\u0142a u nas zesp\u00f3\u0142 psychologiczno &#8211; pedagogiczny, kt\u00f3ry wspiera zar\u00f3wno dzieci, jak i rodzic\u00f3w w codziennych wyzwaniach. &nbsp; Czym si\u0119 &hellip;<\/p>\n","protected":false},"author":1,"featured_media":0,"parent":0,"menu_order":0,"comment_status":"closed","ping_status":"closed","template":"","meta":{"footnotes":""},"class_list":["post-54","page","type-page","status-publish","hentry"],"_links":{"self":[{"href":"https:\/\/szkolapodlipami.pl\/index.php?rest_route=\/wp\/v2\/pages\/54","targetHints":{"allow":["GET"]}}],"collection":[{"href":"https:\/\/szkolapodlipami.pl\/index.php?rest_route=\/wp\/v2\/pages"}],"about":[{"href":"https:\/\/szkolapodlipami.pl\/index.php?rest_route=\/wp\/v2\/types\/page"}],"author":[{"embeddable":true,"href":"https:\/\/szkolapodlipami.pl\/index.php?rest_route=\/wp\/v2\/users\/1"}],"replies":[{"embeddable":true,"href":"https:\/\/szkolapodlipami.pl\/index.php?rest_route=%2Fwp%2Fv2%2Fcomments&post=54"}],"version-history":[{"count":32,"href":"https:\/\/szkolapodlipami.pl\/index.php?rest_route=\/wp\/v2\/pages\/54\/revisions"}],"predecessor-version":[{"id":2535,"href":"https:\/\/szkolapodlipami.pl\/index.php?rest_route=\/wp\/v2\/pages\/54\/revisions\/2535"}],"wp:attachment":[{"href":"https:\/\/szkolapodlipami.pl\/index.php?rest_route=%2Fwp%2Fv2%2Fmedia&parent=54"}],"curies":[{"name":"wp","href":"https:\/\/api.w.org\/{rel}","templated":true}]}}