{"id":1956,"date":"2024-09-12T08:04:12","date_gmt":"2024-09-12T06:04:12","guid":{"rendered":"https:\/\/szkolapodlipami.pl\/?page_id=1956"},"modified":"2024-09-12T08:04:12","modified_gmt":"2024-09-12T06:04:12","slug":"wspolpraca-miedzynarodowa","status":"publish","type":"page","link":"https:\/\/szkolapodlipami.pl\/?page_id=1956","title":{"rendered":"Wsp\u00f3\u0142praca mi\u0119dzynarodowa"},"content":{"rendered":"<p>Nasza szko\u0142a od ponad 20 lat anga\u017cuje si\u0119 w realizacj\u0119 projekt\u00f3w unijnych takich jak Socrates, Comenius, Erasmus +. W tym okresie zar\u00f3wno nasi uczniowie jak i nauczyciele mieli okazj\u0119 odwiedzi\u0107 prawie wszystkie kraje Europy, zawi\u0105za\u0107 wiele mi\u0119dzynarodowych przyja\u017ani, kt\u00f3re trwaj\u0105 po dzie\u0144 dzisiejszy. Uda\u0142o nam si\u0119 okr\u0105\u017cy\u0107 r\u00f3wnik trzykrotnie. Dlaczego to robimy? Bo zauwa\u017cyli\u015bmy, \u017ce takie dzia\u0142ania rozwijaj\u0105 wszechstronnie naszych uczni\u00f3w, w szczeg\u00f3lno\u015bci ich \u00a0kompetencje osobiste i spo\u0142eczne. Udzia\u0142 w projektach, wymianach uczniowskich buduje pewno\u015b\u0107 siebie, uczy pracy w grupie, otwiera na innych ludzi i \u015bwiat.<\/p>\n<p><img loading=\"lazy\" decoding=\"async\" class=\"wp-image-1958 aligncenter\" src=\"https:\/\/szkolapodlipami.pl\/wp-content\/uploads\/2024\/09\/image001.jpg\" alt=\"\" width=\"824\" height=\"618\" \/><\/p>\n","protected":false},"excerpt":{"rendered":"<p>Nasza szko\u0142a od ponad 20 lat anga\u017cuje si\u0119 w realizacj\u0119 projekt\u00f3w unijnych takich jak Socrates, Comenius, Erasmus +. W tym okresie zar\u00f3wno nasi uczniowie jak i nauczyciele mieli okazj\u0119 odwiedzi\u0107 prawie wszystkie kraje Europy, zawi\u0105za\u0107 wiele mi\u0119dzynarodowych przyja\u017ani, kt\u00f3re trwaj\u0105 po dzie\u0144 dzisiejszy. Uda\u0142o nam si\u0119 okr\u0105\u017cy\u0107 r\u00f3wnik trzykrotnie. Dlaczego &hellip;<\/p>\n","protected":false},"author":3,"featured_media":0,"parent":0,"menu_order":0,"comment_status":"closed","ping_status":"closed","template":"","meta":{"footnotes":""},"class_list":["post-1956","page","type-page","status-publish","hentry"],"_links":{"self":[{"href":"https:\/\/szkolapodlipami.pl\/index.php?rest_route=\/wp\/v2\/pages\/1956","targetHints":{"allow":["GET"]}}],"collection":[{"href":"https:\/\/szkolapodlipami.pl\/index.php?rest_route=\/wp\/v2\/pages"}],"about":[{"href":"https:\/\/szkolapodlipami.pl\/index.php?rest_route=\/wp\/v2\/types\/page"}],"author":[{"embeddable":true,"href":"https:\/\/szkolapodlipami.pl\/index.php?rest_route=\/wp\/v2\/users\/3"}],"replies":[{"embeddable":true,"href":"https:\/\/szkolapodlipami.pl\/index.php?rest_route=%2Fwp%2Fv2%2Fcomments&post=1956"}],"version-history":[{"count":1,"href":"https:\/\/szkolapodlipami.pl\/index.php?rest_route=\/wp\/v2\/pages\/1956\/revisions"}],"predecessor-version":[{"id":1959,"href":"https:\/\/szkolapodlipami.pl\/index.php?rest_route=\/wp\/v2\/pages\/1956\/revisions\/1959"}],"wp:attachment":[{"href":"https:\/\/szkolapodlipami.pl\/index.php?rest_route=%2Fwp%2Fv2%2Fmedia&parent=1956"}],"curies":[{"name":"wp","href":"https:\/\/api.w.org\/{rel}","templated":true}]}}