{"id":1906,"date":"2024-09-10T17:42:18","date_gmt":"2024-09-10T15:42:18","guid":{"rendered":"https:\/\/szkolapodlipami.pl\/?page_id=1906"},"modified":"2025-10-08T21:09:16","modified_gmt":"2025-10-08T19:09:16","slug":"wymagania-edukacyjne","status":"publish","type":"page","link":"https:\/\/szkolapodlipami.pl\/?page_id=1906","title":{"rendered":"Wymagania edukacyjne"},"content":{"rendered":"<h2 style=\"text-align: left;\"><strong>Wymagania edukacyjne z poszczeg\u00f3lnych przedmiot\u00f3w &#8211; rok szkolny 2025\/2026<\/strong><\/h2>\n<p>&nbsp;<\/p>\n<p style=\"text-align: left;\"><strong>\u00a0<\/strong><strong>Wymagania edukacyjne to oczekiwane przez nauczyciela osi\u0105gni\u0119cia\/katalog niezb\u0119dnych osi\u0105gni\u0119\u0107 ucznia przewidziany programem nauczania. Okre\u015blaj\u0105, czego ucze\u0144 powinien si\u0119 nauczy\u0107, aby uzyska\u0107 dan\u0105 ocen\u0119. Konieczno\u015b\u0107 formu\u0142owania przez nauczycieli wymaga\u0144 edukacyjnych wynika z przepis\u00f3w art. 44b ustawy o systemie o\u015bwiaty.<\/strong><\/p>\n<p>&nbsp;<\/p>\n<table style=\"height: 1365px;\" width=\"1128\">\n<tbody>\n<tr>\n<td><\/td>\n<td>\n<h5><strong>4 sp<\/strong><\/h5>\n<\/td>\n<td>\n<h5><strong>5 sp<\/strong><\/h5>\n<\/td>\n<td>\n<h5><strong>6 sp<\/strong><\/h5>\n<\/td>\n<td>\n<h5><strong>7 sp<\/strong><\/h5>\n<\/td>\n<td>\n<h5><strong>8 sp\u00a0<\/strong><\/h5>\n<\/td>\n<td>\n<h5><strong>I lo<\/strong><\/h5>\n<\/td>\n<td>\n<h5><strong>II lo<\/strong><\/h5>\n<\/td>\n<td>\n<h5><strong>III lo<\/strong><\/h5>\n<\/td>\n<td>\n<h5><strong>IV lo\u00a0<\/strong><\/h5>\n<\/td>\n<\/tr>\n<tr>\n<td><strong>J\u0118ZYK POLSKI<\/strong><\/td>\n<td><a href=\"https:\/\/szkolapodlipami.pl\/wp-content\/uploads\/2024\/09\/JEZYK-POLSKI-4-SP.pdf\">Otw\u00f3rz<\/a><\/td>\n<td><a href=\"https:\/\/szkolapodlipami.pl\/wp-content\/uploads\/2024\/09\/JEZYK-POLSKI-5-SP.pdf\">Otw\u00f3rz<\/a><\/td>\n<td><a href=\"https:\/\/szkolapodlipami.pl\/wp-content\/uploads\/2024\/09\/JEZYK-POLSKI-6-SP.pdf\">Otw\u00f3rz<\/a><\/td>\n<td><a href=\"https:\/\/szkolapodlipami.pl\/wp-content\/uploads\/2024\/09\/JEZYK-POLSKI-7-SP.pdf\">Otw\u00f3rz<\/a><\/td>\n<td><a href=\"https:\/\/szkolapodlipami.pl\/wp-content\/uploads\/2024\/09\/JEZYK-POLSKI-8-SP.pdf\">Otw\u00f3rz<\/a><\/td>\n<td><a href=\"https:\/\/szkolapodlipami.pl\/wp-content\/uploads\/2024\/09\/JEZYK-POLSKI-1-LO.pdf\">Otw\u00f3rz<\/a><\/td>\n<td><a href=\"https:\/\/szkolapodlipami.pl\/wp-content\/uploads\/2024\/09\/JEZYK-POLSKI-2-LO.pdf\">Otw\u00f3rz<\/a><\/td>\n<td><a href=\"https:\/\/szkolapodlipami.pl\/wp-content\/uploads\/2024\/09\/JEZYK-POLSKI-3-LO.pdf\">Otw\u00f3rz<\/a><\/td>\n<td><a href=\"https:\/\/szkolapodlipami.pl\/wp-content\/uploads\/2024\/09\/JEZYK-POLSKI-4-LO-1-skompresowany.pdf\">Otw\u00f3rz<\/a><\/td>\n<\/tr>\n<tr>\n<td><strong>MATEMATYKA<\/strong><\/td>\n<td><a href=\"https:\/\/szkolapodlipami.pl\/wp-content\/uploads\/2024\/09\/MATEMATYKA-KLASA-4.pdf\" target=\"_blank\" rel=\"noopener\">Otw\u00f3rz<\/a><\/td>\n<td><a href=\"https:\/\/szkolapodlipami.pl\/wp-content\/uploads\/2024\/09\/MATEMATYKA-KLASA-5.pdf\" target=\"_blank\" rel=\"noopener\">Otw\u00f3rz<\/a><\/td>\n<td><a href=\"https:\/\/szkolapodlipami.pl\/wp-content\/uploads\/2024\/09\/MATEMATYKA-KLASA-6.pdf\" target=\"_blank\" rel=\"noopener\">Otw\u00f3rz<\/a><\/td>\n<td><a href=\"https:\/\/szkolapodlipami.pl\/wp-content\/uploads\/2024\/09\/MATEMATYKA-KLASA-7.pdf\" target=\"_blank\" rel=\"noopener\">Otw\u00f3rz<\/a><\/td>\n<td><a href=\"https:\/\/szkolapodlipami.pl\/wp-content\/uploads\/2024\/09\/MATEMATYKA-KLASA-8.pdf\" target=\"_blank\" rel=\"noopener\">Otw\u00f3rz<\/a><\/td>\n<td><a href=\"https:\/\/szkolapodlipami.pl\/wp-content\/uploads\/2024\/09\/matematyka-pso-liceum-zp-kl-1.pdf\" target=\"_blank\" rel=\"noopener\">Otw\u00f3rz<\/a><\/td>\n<td><a href=\"https:\/\/szkolapodlipami.pl\/wp-content\/uploads\/2025\/09\/pso-nowa-matematyka-2-zp.pdf\" target=\"_blank\" rel=\"noopener\">Otw\u00f3rz<\/a><\/td>\n<td><a href=\"https:\/\/szkolapodlipami.pl\/wp-content\/uploads\/2024\/09\/MATEMATYKA-KLASA-3-LO-PP.pdf\" target=\"_blank\" rel=\"noopener\">Otw\u00f3rz<\/a><\/td>\n<td><a href=\"https:\/\/szkolapodlipami.pl\/wp-content\/uploads\/2024\/09\/MATEMATYKA-KLASA-4-LO-PP.pdf\" target=\"_blank\" rel=\"noopener\">Otw\u00f3rz<\/a><\/td>\n<\/tr>\n<tr>\n<td><strong>FIZYKA<\/strong><\/td>\n<td>x<\/td>\n<td>x<\/td>\n<td>x<\/td>\n<td><a href=\"https:\/\/szkolapodlipami.pl\/wp-content\/uploads\/2024\/09\/fizyka_7SP1.pdf\" target=\"_blank\" rel=\"noopener\">Otw\u00f3rz<\/a><\/td>\n<td><a href=\"https:\/\/szkolapodlipami.pl\/wp-content\/uploads\/2024\/09\/fizyka_8SP.pdf\" target=\"_blank\" rel=\"noopener\">Otw\u00f3rz<\/a><\/td>\n<td><a href=\"https:\/\/szkolapodlipami.pl\/wp-content\/uploads\/2024\/09\/fizyka_1LO.pdf\" target=\"_blank\" rel=\"noopener\">Otw\u00f3rz<\/a><\/td>\n<td><a href=\"https:\/\/szkolapodlipami.pl\/wp-content\/uploads\/2024\/09\/fizyka_2LO.pdf\" target=\"_blank\" rel=\"noopener\">Otw\u00f3rz<\/a><\/td>\n<td><a href=\"https:\/\/szkolapodlipami.pl\/wp-content\/uploads\/2024\/09\/fizyka_3LO.pdf\" target=\"_blank\" rel=\"noopener\">Otw\u00f3rz<\/a><\/td>\n<td>x<\/td>\n<\/tr>\n<tr>\n<td><strong>CHEMIA<\/strong><\/td>\n<td>x<\/td>\n<td>x<\/td>\n<td>x<\/td>\n<td><a href=\"https:\/\/szkolapodlipami.pl\/wp-content\/uploads\/2024\/09\/CHEMIA-KLASA-7.pdf\" target=\"_blank\" rel=\"noopener\">Otw\u00f3rz<\/a><\/td>\n<td><a href=\"https:\/\/szkolapodlipami.pl\/wp-content\/uploads\/2024\/09\/CHEMIA-KLASA-8.pdf\" target=\"_blank\" rel=\"noopener\">Otw\u00f3rz<\/a><\/td>\n<td><a href=\"https:\/\/szkolapodlipami.pl\/wp-content\/uploads\/2024\/09\/CHEMIA-1-i-2-LO-PP.pdf\" target=\"_blank\" rel=\"noopener\">Otw\u00f3rz<\/a><\/td>\n<td><a href=\"https:\/\/szkolapodlipami.pl\/wp-content\/uploads\/2024\/09\/CHEMIA-1-i-2-LO-PP.pdf\" target=\"_blank\" rel=\"noopener\">Otw\u00f3rz<\/a><\/td>\n<td><a href=\"https:\/\/szkolapodlipami.pl\/wp-content\/uploads\/2024\/09\/CHEMIA-3-LO-PP.pdf\" target=\"_blank\" rel=\"noopener\">Otw\u00f3rz<\/a><\/td>\n<td>x<\/td>\n<\/tr>\n<tr>\n<td><strong>BIOLOGIA<\/strong><\/td>\n<td>x<\/td>\n<td><a href=\"https:\/\/szkolapodlipami.pl\/wp-content\/uploads\/2024\/09\/Biologia-klasa-5.pdf\" target=\"_blank\" rel=\"noopener\">Otw\u00f3rz<\/a><\/td>\n<td><a href=\"https:\/\/szkolapodlipami.pl\/wp-content\/uploads\/2024\/10\/wymagania-edukacyjne-z-biologii-dla-klasy-7-2024.pdf\" target=\"_blank\" rel=\"noopener\">Otw\u00f3rz<\/a><\/td>\n<td><a href=\"https:\/\/szkolapodlipami.pl\/wp-content\/uploads\/2024\/10\/wymagania-edukacyjne-z-biologii-dla-klasy-7-2024-1.pdf\" target=\"_blank\" rel=\"noopener\">Otw\u00f3rz<\/a><\/td>\n<td><a href=\"https:\/\/szkolapodlipami.pl\/wp-content\/uploads\/2024\/09\/Biologia-klasa-8.pdf\" target=\"_blank\" rel=\"noopener\">Otw\u00f3rz<\/a><\/td>\n<td><a href=\"https:\/\/szkolapodlipami.pl\/wp-content\/uploads\/2024\/09\/Biologia-klasa-1-LO-pp.pdf\" target=\"_blank\" rel=\"noopener\">Otw\u00f3rz<\/a><\/td>\n<td><a href=\"https:\/\/szkolapodlipami.pl\/wp-content\/uploads\/2024\/09\/Biologia-klasa-2-LO-pp.pdf\" target=\"_blank\" rel=\"noopener\">Otw\u00f3rz<\/a><\/td>\n<td><a href=\"https:\/\/szkolapodlipami.pl\/wp-content\/uploads\/2024\/09\/Biologia-3-LO-pr.pdf\" target=\"_blank\" rel=\"noopener\">Otw\u00f3rz pr<\/a><\/p>\n<p><a href=\"https:\/\/szkolapodlipami.pl\/wp-content\/uploads\/2024\/09\/Biologia-3-LO-pp.pdf\" target=\"_blank\" rel=\"noopener\">Otw\u00f3rz pp<\/a><\/td>\n<td><a href=\"https:\/\/szkolapodlipami.pl\/wp-content\/uploads\/2024\/09\/Biologia-4-LO-pr.pdf\" target=\"_blank\" rel=\"noopener\">Otw\u00f3rz<\/a><\/td>\n<\/tr>\n<tr>\n<td><strong>GEOGRAFIA<\/strong><\/td>\n<td>x<\/td>\n<td><a href=\"https:\/\/szkolapodlipami.pl\/wp-content\/uploads\/2024\/09\/GEOGRAFIA-KLASA-5-SP.pdf\" target=\"_blank\" rel=\"noopener\">Otw\u00f3rz<\/a><\/td>\n<td><a href=\"https:\/\/szkolapodlipami.pl\/wp-content\/uploads\/2024\/09\/GEOGRAFIA-KLASA-6-SP.pdf\" target=\"_blank\" rel=\"noopener\">Otw\u00f3rz<\/a><\/td>\n<td><a href=\"https:\/\/szkolapodlipami.pl\/wp-content\/uploads\/2024\/09\/GEOGRAFIA-KLASA-7-SP.pdf\" target=\"_blank\" rel=\"noopener\">Otw\u00f3rz<\/a><\/td>\n<td><a href=\"https:\/\/szkolapodlipami.pl\/wp-content\/uploads\/2024\/09\/GEOGRAFIA-KLASA-8-SP.pdf\" target=\"_blank\" rel=\"noopener\">Otw\u00f3rz<\/a><\/td>\n<td><a href=\"https:\/\/szkolapodlipami.pl\/wp-content\/uploads\/2024\/09\/GEOGRAFIA-1-LO-PR.pdf\" target=\"_blank\" rel=\"noopener\">Otw\u00f3rz pr<\/a><\/td>\n<td><a href=\"https:\/\/szkolapodlipami.pl\/wp-content\/uploads\/2024\/09\/GEOGRAFIA-2-LO-PP.pdf\" target=\"_blank\" rel=\"noopener\">Otw\u00f3rz<\/a><\/p>\n<p><a href=\"https:\/\/szkolapodlipami.pl\/wp-content\/uploads\/2024\/09\/GEOGRAFIA-2-LO-PR.pdf\" target=\"_blank\" rel=\"noopener\">Otw\u00f3rz pr<\/a><\/td>\n<td><a href=\"https:\/\/szkolapodlipami.pl\/wp-content\/uploads\/2024\/09\/GEOGRAFIA-3-LO-PR.pdf\" target=\"_blank\" rel=\"noopener\">Otw\u00f3rz pr<\/a><\/td>\n<td><a href=\"https:\/\/szkolapodlipami.pl\/wp-content\/uploads\/2024\/09\/GEOGRAFIA-4-LO-PR.pdf\" target=\"_blank\" rel=\"noopener\">Otw\u00f3rz pr<\/a><\/td>\n<\/tr>\n<tr>\n<td><strong>PRZYRODA<\/strong><\/td>\n<td><a href=\"https:\/\/szkolapodlipami.pl\/wp-content\/uploads\/2024\/09\/PRZYRODA-KLASA-4.pdf\" target=\"_blank\" rel=\"noopener\">Otw\u00f3rz<\/a><\/td>\n<td>x<\/td>\n<td>x<\/td>\n<td>x<\/td>\n<td>x<\/td>\n<td>x<\/td>\n<td>x<\/td>\n<td>x<\/td>\n<td>x<\/td>\n<\/tr>\n<tr>\n<td><strong>J\u0118ZYK ANGIELSKI<\/strong><\/td>\n<td><a href=\"https:\/\/szkolapodlipami.pl\/wp-content\/uploads\/2024\/09\/Jezyk-angielski-4_SP-skompresowany.pdf\">Otw\u00f3rz<\/a><\/td>\n<td><a href=\"https:\/\/szkolapodlipami.pl\/wp-content\/uploads\/2024\/09\/Jezyk-angielski-5_SPa.pdf\" target=\"_blank\" rel=\"noopener\">Otw\u00f3rz<\/a><\/td>\n<td><a href=\"https:\/\/szkolapodlipami.pl\/wp-content\/uploads\/2024\/09\/Jezyk-angielski-6_SP-3.pdf\" target=\"_blank\" rel=\"noopener\">Otw\u00f3rz<\/a><\/td>\n<td><a href=\"https:\/\/szkolapodlipami.pl\/wp-content\/uploads\/2024\/09\/Jezyk-angielski-7_SP_compressed.pdf\">Otw\u00f3rz<\/a><\/td>\n<td><a href=\"https:\/\/szkolapodlipami.pl\/wp-content\/uploads\/2024\/09\/Jezyk-angielski-8_SP_compressed.pdf\">Otw\u00f3rz<\/a><\/td>\n<td><a href=\"https:\/\/szkolapodlipami.pl\/wp-content\/uploads\/2024\/09\/Jezyk-angielski-1_LO-2.pdf\" target=\"_blank\" rel=\"noopener\">Otw\u00f3rz<\/a><\/td>\n<td><a href=\"https:\/\/szkolapodlipami.pl\/wp-content\/uploads\/2024\/09\/Jezyk-angielski-2_LO-1.pdf\" target=\"_blank\" rel=\"noopener\">Otw\u00f3rz<\/a><\/td>\n<td><a href=\"https:\/\/szkolapodlipami.pl\/wp-content\/uploads\/2024\/09\/Jezyk-angielski-3_LO.pdf\" target=\"_blank\" rel=\"noopener\">Otw\u00f3rz<\/a><\/td>\n<td><a href=\"https:\/\/szkolapodlipami.pl\/wp-content\/uploads\/2024\/09\/Jezyk-angielski-4_LO.pdf\" target=\"_blank\" rel=\"noopener\">Otw\u00f3rz<\/a><\/td>\n<\/tr>\n<tr>\n<td><strong>J\u0118ZYK HISZPA\u0143SKI<\/strong><\/td>\n<td>x<\/td>\n<td>x<\/td>\n<td>x<\/td>\n<td><a href=\"https:\/\/szkolapodlipami.pl\/wp-content\/uploads\/2024\/09\/JEZYK-HISZPANSKI-KLASA-7-SP.pdf\" target=\"_blank\" rel=\"noopener\">Otw\u00f3rz<\/a><\/td>\n<td><a href=\"https:\/\/szkolapodlipami.pl\/wp-content\/uploads\/2024\/09\/JEZYK-HISZPANSKI-KLASA-8-SP.pdf\" target=\"_blank\" rel=\"noopener\">Otw\u00f3rz<\/a><\/td>\n<td><a href=\"https:\/\/szkolapodlipami.pl\/wp-content\/uploads\/2024\/09\/JEZYK-HISZPANSKI-1-LO.pdf\" target=\"_blank\" rel=\"noopener\">Otw\u00f3rz<\/a><\/td>\n<td><a href=\"https:\/\/szkolapodlipami.pl\/wp-content\/uploads\/2024\/09\/JEZYK-HISZPANSKI-2-LO.pdf\">Otw\u00f3rz<\/a><\/td>\n<td><a href=\"https:\/\/szkolapodlipami.pl\/wp-content\/uploads\/2024\/09\/JEZYK-HISZPANSKI-3-LO.pdf\">Otw\u00f3rz<\/a><\/td>\n<td><a href=\"https:\/\/szkolapodlipami.pl\/wp-content\/uploads\/2024\/09\/JEZYK-HISZPANSKI-4-LO.pdf\">Otw\u00f3rz<\/a><\/td>\n<\/tr>\n<tr>\n<td><strong>HISTORIA<\/strong><\/td>\n<td><a href=\"https:\/\/szkolapodlipami.pl\/wp-content\/uploads\/2024\/09\/HISTORIA-KLASA-4-SP.pdf\" target=\"_blank\" rel=\"noopener\">Otw\u00f3rz<\/a><\/td>\n<td><a href=\"https:\/\/szkolapodlipami.pl\/wp-content\/uploads\/2024\/09\/HISTORIA-KLASA-5-SP.pdf\" target=\"_blank\" rel=\"noopener\">Otw\u00f3rz<\/a><\/td>\n<td><a href=\"https:\/\/szkolapodlipami.pl\/wp-content\/uploads\/2024\/09\/HISTORIA-KLASA-6-SP.pdf\" target=\"_blank\" rel=\"noopener\">Otw\u00f3rz<\/a><\/td>\n<td><a href=\"https:\/\/szkolapodlipami.pl\/wp-content\/uploads\/2024\/09\/HISTORIA-KLASA-7-SP.pdf\" target=\"_blank\" rel=\"noopener\">Otw\u00f3rz<\/a><\/td>\n<td><a href=\"https:\/\/szkolapodlipami.pl\/wp-content\/uploads\/2024\/09\/HISTORIA-KLASA-8-SP.pdf\" target=\"_blank\" rel=\"noopener\">Otw\u00f3rz<\/a><\/td>\n<td><a href=\"https:\/\/szkolapodlipami.pl\/wp-content\/uploads\/2024\/09\/HISTORIA-1-LO.pdf\" target=\"_blank\" rel=\"noopener\">Otw\u00f3rz<\/a><\/td>\n<td><a href=\"https:\/\/szkolapodlipami.pl\/wp-content\/uploads\/2024\/09\/HISTORIA-2-LO.pdf\" target=\"_blank\" rel=\"noopener\">Otw\u00f3rz<\/a><\/td>\n<td><a href=\"https:\/\/szkolapodlipami.pl\/wp-content\/uploads\/2024\/09\/HISTORIA-3-LO.pdf\" target=\"_blank\" rel=\"noopener\">Otw\u00f3rz<\/a><\/td>\n<td><a href=\"https:\/\/szkolapodlipami.pl\/wp-content\/uploads\/2024\/09\/HISTORIA-4-LO.pdf\" target=\"_blank\" rel=\"noopener\">Otw\u00f3rz<\/a><\/td>\n<\/tr>\n<tr>\n<td><strong>TECHNIKA<\/strong><\/td>\n<td><a href=\"https:\/\/szkolapodlipami.pl\/wp-content\/uploads\/2025\/09\/wymagania-edukacyjne-technika-4-ab-2025-2026.pdf\">Otw\u00f3rz<\/a><\/td>\n<td><a href=\"https:\/\/szkolapodlipami.pl\/wp-content\/uploads\/2025\/09\/wymagania-edukacyjne-technika-5-abc-2025-2026.pdf\">Otw\u00f3rz<\/a><\/td>\n<td><a href=\"https:\/\/szkolapodlipami.pl\/wp-content\/uploads\/2025\/09\/wymagania-edukacyjne-technika-6-abc-2025-2026.pdf\">Otw\u00f3rz<\/a><\/td>\n<td>x<\/td>\n<td>x<\/td>\n<td>x<\/td>\n<td>x<\/td>\n<td>x<\/td>\n<td>x<\/td>\n<\/tr>\n<tr>\n<td><strong>PLASTYKA<\/strong><\/td>\n<td><a href=\"https:\/\/szkolapodlipami.pl\/wp-content\/uploads\/2025\/09\/wymagania-plastyka-2025-2026.pdf\" target=\"_blank\" rel=\"noopener\">Otw\u00f3rz<\/a><\/td>\n<td><a href=\"https:\/\/szkolapodlipami.pl\/wp-content\/uploads\/2025\/09\/wymagania-plastyka-2025-2026.pdf\" target=\"_blank\" rel=\"noopener\">Otw\u00f3rz<\/a><\/td>\n<td><a href=\"https:\/\/szkolapodlipami.pl\/wp-content\/uploads\/2025\/09\/wymagania-plastyka-2025-2026.pdf\" target=\"_blank\" rel=\"noopener\">Otw\u00f3rz<\/a><\/td>\n<td><a href=\"https:\/\/szkolapodlipami.pl\/wp-content\/uploads\/2025\/09\/wymagania-plastyka-2025-2026.pdf\" target=\"_blank\" rel=\"noopener\">Otw\u00f3rz<\/a><\/td>\n<td>x<\/td>\n<td><a href=\"https:\/\/szkolapodlipami.pl\/wp-content\/uploads\/2025\/09\/wymagania-plastyka-2025-2026.pdf\">Otw\u00f3rz<\/a><\/td>\n<td>x<\/td>\n<td>x<\/td>\n<td>x<\/td>\n<\/tr>\n<tr>\n<td><strong>RELIGIA<\/strong><\/td>\n<td><a href=\"https:\/\/szkolapodlipami.pl\/wp-content\/uploads\/2025\/09\/Wymagania-edukacyjne-religia-klasa-4-szk.podst_.pdf\" target=\"_blank\" rel=\"noopener\">Otw\u00f3rz<\/a><\/td>\n<td><a href=\"https:\/\/szkolapodlipami.pl\/wp-content\/uploads\/2025\/09\/Wymagania-edukacyjne-religia-klasa-5-szk.podst_.pdf\" target=\"_blank\" rel=\"noopener\">Otw\u00f3rz<\/a><\/td>\n<td><a href=\"https:\/\/szkolapodlipami.pl\/wp-content\/uploads\/2025\/09\/Wymagania-edukacyjne-religia-klasa-6-szk.podst_.pdf\" target=\"_blank\" rel=\"noopener\">Otw\u00f3rz<\/a><\/td>\n<td><a href=\"https:\/\/szkolapodlipami.pl\/wp-content\/uploads\/2025\/09\/Wymagania-edukacyjne-religia-klasa-7-szk.podst_.pdf\" target=\"_blank\" rel=\"noopener\">Otw\u00f3rz<\/a><\/td>\n<td><a href=\"https:\/\/szkolapodlipami.pl\/wp-content\/uploads\/2025\/09\/Wymagania-edukacyjne-religia-klasa-8-szk.podst_.pdf\" target=\"_blank\" rel=\"noopener\">Otw\u00f3rz<\/a><\/td>\n<td><a href=\"https:\/\/szkolapodlipami.pl\/wp-content\/uploads\/2025\/09\/Wymagania-edukacyjne-religia-klasa-I-liceum.pdf\" target=\"_blank\" rel=\"noopener\">Otw\u00f3rz<\/a><\/td>\n<td><a href=\"https:\/\/szkolapodlipami.pl\/wp-content\/uploads\/2025\/09\/Wymagania-edukacyjne-religia-klasa-II-liceum.pdf\">Otw\u00f3rz<\/a><\/td>\n<td><a href=\"https:\/\/szkolapodlipami.pl\/wp-content\/uploads\/2025\/09\/Wymagania-edukacyjne-religia-klasa-III-liceum.pdf\" target=\"_blank\" rel=\"noopener\">Otw\u00f3rz<\/a><\/td>\n<td><a href=\"https:\/\/szkolapodlipami.pl\/wp-content\/uploads\/2025\/09\/Wymagania-edukacyjne-religia-klasa-IV-liceum.pdf\" target=\"_blank\" rel=\"noopener\">Otw\u00f3rz<\/a><\/td>\n<\/tr>\n<tr>\n<td><strong>MUZYKA<\/strong><\/td>\n<td><a href=\"https:\/\/szkolapodlipami.pl\/wp-content\/uploads\/2024\/09\/MUZYKA-KLASA-4-SP.pdf\" target=\"_blank\" rel=\"noopener\">Otw\u00f3rz<\/a><\/td>\n<td><a href=\"https:\/\/szkolapodlipami.pl\/wp-content\/uploads\/2024\/09\/MUZYKA-KLASA-5-SP.pdf\" target=\"_blank\" rel=\"noopener\">Otw\u00f3rz<\/a><\/td>\n<td><a href=\"https:\/\/szkolapodlipami.pl\/wp-content\/uploads\/2024\/09\/MUZYKA-KLASA-6-SP.pdf\" target=\"_blank\" rel=\"noopener\">Otw\u00f3rz<\/a><\/td>\n<td><a href=\"https:\/\/szkolapodlipami.pl\/wp-content\/uploads\/2024\/09\/MUZYKA-KLASA-7-SP.pdf\" target=\"_blank\" rel=\"noopener\">Otw\u00f3rz<\/a><\/td>\n<td>x<\/td>\n<td>x<\/td>\n<td>x<\/td>\n<td>x<\/td>\n<td>x<\/td>\n<\/tr>\n<tr>\n<td><strong>INFORMATYKA<\/strong><\/td>\n<td><a href=\"https:\/\/szkolapodlipami.pl\/wp-content\/uploads\/2024\/09\/INFORMATYKA-KLASA-4-SPa.pdf\" target=\"_blank\" rel=\"noopener\">Otw\u00f3rz<\/a><\/td>\n<td><a href=\"https:\/\/szkolapodlipami.pl\/wp-content\/uploads\/2024\/09\/INFORMATYKA-KLASA-5-SPa.pdf\" target=\"_blank\" rel=\"noopener\">Otw\u00f3rz<\/a><\/td>\n<td><a href=\"https:\/\/szkolapodlipami.pl\/wp-content\/uploads\/2024\/09\/przedmiotowy-system-oceniania-informatyka-6sp.pdf\">Otw\u00f3rz<\/a><\/td>\n<td><a href=\"https:\/\/szkolapodlipami.pl\/wp-content\/uploads\/2024\/09\/INFORMATYKA-KLASA-7-SPa.pdf\" target=\"_blank\" rel=\"noopener\">Otw\u00f3rz<\/a><\/td>\n<td><a href=\"https:\/\/szkolapodlipami.pl\/wp-content\/uploads\/2024\/09\/INFORMATYKA-KLASA-8-SPa.pdf\" target=\"_blank\" rel=\"noopener\">Otw\u00f3rz<\/a><\/td>\n<td><a href=\"https:\/\/szkolapodlipami.pl\/wp-content\/uploads\/2024\/09\/przedmiotowy-system-oceniania-informatyka-1.pdf\">Otw\u00f3rz<\/a><\/td>\n<td><a href=\"https:\/\/szkolapodlipami.pl\/wp-content\/uploads\/2024\/09\/przedmiotowy-system-oceniania-informatyka-2.pdf\">Otw\u00f3rz<\/a><\/td>\n<td><a href=\"https:\/\/szkolapodlipami.pl\/wp-content\/uploads\/2024\/09\/przedmiotowy-system-oceniania-informatyka-3.pdf\">Otw\u00f3rz<\/a><\/td>\n<td>x<\/td>\n<\/tr>\n<tr>\n<td><strong>WIEDZA O SPO\u0141ECZE\u0143STWIE<\/strong><\/td>\n<td>x<\/td>\n<td>x<\/td>\n<td>x<\/td>\n<td>x<\/td>\n<td><a href=\"https:\/\/szkolapodlipami.pl\/wp-content\/uploads\/2024\/09\/WOS-KLASA-8.pdf\" target=\"_blank\" rel=\"noopener\">Otw\u00f3rz<\/a><\/td>\n<td>x<\/td>\n<td><a href=\"https:\/\/szkolapodlipami.pl\/wp-content\/uploads\/2024\/09\/WOS-2-LO-PR.pdf\">Otw\u00f3rz pr<\/a><\/td>\n<td>x<\/td>\n<td>x<\/td>\n<\/tr>\n<tr>\n<td><strong>EDUKACJA DLA BEZPIECZE\u0143STWA<\/strong><\/td>\n<td>x<\/td>\n<td>x<\/td>\n<td>x<\/td>\n<td>x<\/td>\n<td><a href=\"https:\/\/szkolapodlipami.pl\/wp-content\/uploads\/2024\/09\/przedmiotowy-system-oceniania-sp8.pdf\">Otw\u00f3rz<\/a><\/td>\n<td><a href=\"https:\/\/szkolapodlipami.pl\/wp-content\/uploads\/2024\/09\/przedmiotowy-system-oceniania-1loedb.pdf\">Otw\u00f3rz<\/a><\/td>\n<td>x<\/td>\n<td>x<\/td>\n<td>x<\/td>\n<\/tr>\n<tr>\n<td><strong>BIZNES I ZARZ\u0104DZANIE<\/strong><\/td>\n<td>x<\/td>\n<td>x<\/td>\n<td>x<\/td>\n<td>x<\/td>\n<td>x<\/td>\n<td><a href=\"https:\/\/szkolapodlipami.pl\/wp-content\/uploads\/2024\/09\/BiZ-1-LO.pdf\" target=\"_blank\" rel=\"noopener\">Otw\u00f3rz<\/a><\/td>\n<td><a href=\"https:\/\/szkolapodlipami.pl\/wp-content\/uploads\/2024\/09\/BiZ-2-LO.pdf\" target=\"_blank\" rel=\"noopener\">Otw\u00f3rz<\/a><\/td>\n<td>x<\/td>\n<td>x<\/td>\n<\/tr>\n<tr>\n<td><strong>HISTORIA I TERA\u0179NIEJSZO\u015a\u0106<\/strong><\/td>\n<td>x<\/td>\n<td>x<\/td>\n<td>x<\/td>\n<td>x<\/td>\n<td>x<\/td>\n<td>x<\/td>\n<td><a href=\"https:\/\/szkolapodlipami.pl\/wp-content\/uploads\/2024\/09\/HiT-2-LO.pdf\" target=\"_blank\" rel=\"noopener\">Otw\u00f3rz<\/a><\/td>\n<td>x<\/td>\n<td>x<\/td>\n<\/tr>\n<tr>\n<td><strong>PODSTAWY PRZEDSI\u0118BIORCZO\u015aCI<\/strong><\/td>\n<td>x<\/td>\n<td>x<\/td>\n<td>x<\/td>\n<td>x<\/td>\n<td>x<\/td>\n<td>x<\/td>\n<td>x<\/td>\n<td><a href=\"https:\/\/szkolapodlipami.pl\/wp-content\/uploads\/2024\/09\/PP-3-LO.pdf\" target=\"_blank\" rel=\"noopener\">Otw\u00f3rz<\/a><\/td>\n<td>x<\/td>\n<\/tr>\n<tr>\n<td><strong>WYCHOWANIE FIZYCZNE<\/strong><\/td>\n<td><a href=\"https:\/\/szkolapodlipami.pl\/wp-content\/uploads\/2024\/09\/SP-LO.pdf\">Otw\u00f3rz<\/a><\/td>\n<td><a href=\"https:\/\/szkolapodlipami.pl\/wp-content\/uploads\/2024\/09\/SP-LO.pdf\">Otw\u00f3rz<\/a><\/td>\n<td><a href=\"https:\/\/szkolapodlipami.pl\/wp-content\/uploads\/2024\/09\/SP-LO.pdf\">Otw\u00f3rz<\/a><\/td>\n<td><a href=\"https:\/\/szkolapodlipami.pl\/wp-content\/uploads\/2024\/09\/SP-LO.pdf\">Otw\u00f3rz<\/a><\/td>\n<td><a href=\"https:\/\/szkolapodlipami.pl\/wp-content\/uploads\/2024\/09\/SP-LO.pdf\">Otw\u00f3rz<\/a><\/td>\n<td><a href=\"https:\/\/szkolapodlipami.pl\/wp-content\/uploads\/2024\/09\/SP-LO.pdf\">Otw\u00f3rz<\/a><\/td>\n<td><a href=\"https:\/\/szkolapodlipami.pl\/wp-content\/uploads\/2024\/09\/SP-LO.pdf\">Otw\u00f3rz<\/a><\/td>\n<td><a href=\"https:\/\/szkolapodlipami.pl\/wp-content\/uploads\/2024\/09\/SP-LO.pdf\">Otw\u00f3rz<\/a><\/td>\n<td><a href=\"https:\/\/szkolapodlipami.pl\/wp-content\/uploads\/2024\/09\/SP-LO.pdf\">Otw\u00f3rz<\/a><\/td>\n<\/tr>\n<tr>\n<td><strong>EDUKACJA ZDROWOTNA<\/strong><\/td>\n<td><\/td>\n<td><\/td>\n<td><a href=\"https:\/\/szkolapodlipami.pl\/wp-content\/uploads\/2025\/10\/Edukacja-zdrowotna-6-klasa-po-zmianach-25-26.pdf\">Otw\u00f3rz<\/a><\/td>\n<td><a href=\"https:\/\/szkolapodlipami.pl\/wp-content\/uploads\/2025\/10\/Edukacja-zdrowotna-7-klasa.pdf\">Otw\u00f3rz<\/a><\/td>\n<td><a href=\"https:\/\/szkolapodlipami.pl\/wp-content\/uploads\/2025\/10\/Edukacja-zdrowotna-klasa-8-klasa-2025-26.pdf\">Otw\u00f3rz<\/a><\/td>\n<td><\/td>\n<td><\/td>\n<td><\/td>\n<td><\/td>\n<\/tr>\n<\/tbody>\n<\/table>\n<p>&nbsp;<\/p>\n<table style=\"height: 202px;\" width=\"749\">\n<tbody>\n<tr>\n<td><strong>KLASY I &#8211; III<\/strong><\/td>\n<td>\n<h5><strong>1<\/strong><\/h5>\n<\/td>\n<td>\n<h5><strong>2<\/strong><\/h5>\n<\/td>\n<td>\n<h5><strong>3<\/strong><\/h5>\n<\/td>\n<\/tr>\n<tr>\n<td><strong>EDUKACJA WCZESNOSZKOLNA<\/strong><\/td>\n<td><a href=\"https:\/\/szkolapodlipami.pl\/wp-content\/uploads\/2025\/09\/WYMAGANIA-EDUKACYJNE-KLASA-1-1.pdf\" target=\"_blank\" rel=\"noopener\">Otw\u00f3rz<\/a><\/td>\n<td><a href=\"https:\/\/szkolapodlipami.pl\/wp-content\/uploads\/2025\/09\/WYMAGANIA-EDUKACYJNE-KLASA-2-1.pdf\" target=\"_blank\" rel=\"noopener\">Otw\u00f3rz<\/a><\/td>\n<td><a href=\"https:\/\/szkolapodlipami.pl\/wp-content\/uploads\/2025\/09\/WYMAGANIA-EDUKACYJNE-KLASA-3-1.pdf\" target=\"_blank\" rel=\"noopener\">Otw\u00f3rz<\/a><\/td>\n<\/tr>\n<tr>\n<td><strong>RELIGIA<\/strong><\/td>\n<td><a href=\"https:\/\/szkolapodlipami.pl\/wp-content\/uploads\/2024\/09\/Religia-klasa-I-zasady-oceniania.pdf\" target=\"_blank\" rel=\"noopener\">Otw\u00f3rz<\/a><\/td>\n<td><a href=\"https:\/\/szkolapodlipami.pl\/wp-content\/uploads\/2024\/09\/Religia-klasa-II-zasady-oceniania.pdf\" target=\"_blank\" rel=\"noopener\">Otw\u00f3rz<\/a><\/td>\n<td><a href=\"https:\/\/szkolapodlipami.pl\/wp-content\/uploads\/2024\/09\/Religia-klasa-III-zasady-oceniania.pdf\" target=\"_blank\" rel=\"noopener\">Otw\u00f3rz<\/a><\/td>\n<\/tr>\n<tr>\n<td><strong>J\u0118ZYK ANGIELSKI<\/strong><\/td>\n<td><a href=\"https:\/\/szkolapodlipami.pl\/wp-content\/uploads\/2024\/09\/JEZYK-ANGIELSKI-KLASY-NAUCZANIA-WCZESNOSZKOLNEGO.pdf\" target=\"_blank\" rel=\"noopener\">Otw\u00f3rz<\/a><\/td>\n<td><a href=\"https:\/\/szkolapodlipami.pl\/wp-content\/uploads\/2024\/09\/JEZYK-ANGIELSKI-KLASY-NAUCZANIA-WCZESNOSZKOLNEGO.pdf\" target=\"_blank\" rel=\"noopener\">Otw\u00f3rz<\/a><\/td>\n<td><a href=\"https:\/\/szkolapodlipami.pl\/wp-content\/uploads\/2024\/09\/JEZYK-ANGIELSKI-KLASY-NAUCZANIA-WCZESNOSZKOLNEGO.pdf\" target=\"_blank\" rel=\"noopener\">Otw\u00f3rz<\/a><\/td>\n<\/tr>\n<\/tbody>\n<\/table>\n","protected":false},"excerpt":{"rendered":"<p>Wymagania edukacyjne z poszczeg\u00f3lnych przedmiot\u00f3w &#8211; rok szkolny 2025\/2026 &nbsp; \u00a0Wymagania edukacyjne to oczekiwane przez nauczyciela osi\u0105gni\u0119cia\/katalog niezb\u0119dnych osi\u0105gni\u0119\u0107 ucznia przewidziany programem nauczania. Okre\u015blaj\u0105, czego ucze\u0144 powinien si\u0119 nauczy\u0107, aby uzyska\u0107 dan\u0105 ocen\u0119. Konieczno\u015b\u0107 formu\u0142owania przez nauczycieli wymaga\u0144 edukacyjnych wynika z przepis\u00f3w art. 44b ustawy o systemie o\u015bwiaty. &nbsp; 4 &hellip;<\/p>\n","protected":false},"author":1,"featured_media":0,"parent":0,"menu_order":0,"comment_status":"closed","ping_status":"closed","template":"","meta":{"footnotes":""},"class_list":["post-1906","page","type-page","status-publish","hentry"],"_links":{"self":[{"href":"https:\/\/szkolapodlipami.pl\/index.php?rest_route=\/wp\/v2\/pages\/1906","targetHints":{"allow":["GET"]}}],"collection":[{"href":"https:\/\/szkolapodlipami.pl\/index.php?rest_route=\/wp\/v2\/pages"}],"about":[{"href":"https:\/\/szkolapodlipami.pl\/index.php?rest_route=\/wp\/v2\/types\/page"}],"author":[{"embeddable":true,"href":"https:\/\/szkolapodlipami.pl\/index.php?rest_route=\/wp\/v2\/users\/1"}],"replies":[{"embeddable":true,"href":"https:\/\/szkolapodlipami.pl\/index.php?rest_route=%2Fwp%2Fv2%2Fcomments&post=1906"}],"version-history":[{"count":73,"href":"https:\/\/szkolapodlipami.pl\/index.php?rest_route=\/wp\/v2\/pages\/1906\/revisions"}],"predecessor-version":[{"id":2504,"href":"https:\/\/szkolapodlipami.pl\/index.php?rest_route=\/wp\/v2\/pages\/1906\/revisions\/2504"}],"wp:attachment":[{"href":"https:\/\/szkolapodlipami.pl\/index.php?rest_route=%2Fwp%2Fv2%2Fmedia&parent=1906"}],"curies":[{"name":"wp","href":"https:\/\/api.w.org\/{rel}","templated":true}]}}