{"id":1492,"date":"2023-02-25T21:03:16","date_gmt":"2023-02-25T20:03:16","guid":{"rendered":"http:\/\/szkolapodlipami.pl\/?page_id=1492"},"modified":"2026-02-04T15:12:40","modified_gmt":"2026-02-04T14:12:40","slug":"sportowe-liceum-ogolnoksztalcace","status":"publish","type":"page","link":"https:\/\/szkolapodlipami.pl\/?page_id=1492","title":{"rendered":"Sportowe Liceum Og\u00f3lnokszta\u0142c\u0105ce"},"content":{"rendered":"<h5>Informacje o naborze<\/h5>\n<p><a href=\"https:\/\/szkolapodlipami.pl\/wp-content\/uploads\/2026\/02\/Liceum-Sportowe-prezentacja-2027.pdf\">Prezentacja o szkole 2026\/2027 (klik)<\/a><\/p>\n<p><a href=\"https:\/\/szkolapodlipami.pl\/wp-content\/uploads\/2026\/02\/Regulamin-naboru-2027.docx\">Regulamin naboru<\/a><\/p>\n<p><a href=\"https:\/\/szkolapodlipami.pl\/wp-content\/uploads\/2026\/02\/zalacznik-nr-1_szkoly-ponadpodstawowe-klasy-wstepne-1.pdf\">Harmonogram naboru\u00a0<\/a><\/p>\n<h5>Dokumenty<\/h5>\n<div><a href=\"http:\/\/gim5pozn.vipserv.org\/Pliki\/nabor2023\/2021_wniosek_karta_sportowca.pdf\" target=\"_blank\" rel=\"noopener\">Wniosek\/karta sportowca<\/a><\/div>\n<div><a href=\"https:\/\/szkolapodlipami.pl\/wp-content\/uploads\/2025\/02\/Formularz-zgloszeniowy-na-testy-2.pdf\" target=\"_blank\" rel=\"noopener\">Formularz zg\u0142oszeniowy na testy sprawno\u015bci fizycznej<\/a><\/div>\n<div><a href=\"https:\/\/szkolapodlipami.pl\/wp-content\/uploads\/2025\/02\/Zgoda-rodzicow.pdf\" target=\"_blank\" rel=\"noopener\">Zgoda rodzic\u00f3w na ucz\u0119szczanie dziecka do klasy sportowej\/mistrzostwa sportowego\u00a0<\/a><\/div>\n<p>&nbsp;<\/p>\n","protected":false},"excerpt":{"rendered":"<p>Informacje o naborze Prezentacja o szkole 2026\/2027 (klik) Regulamin naboru Harmonogram naboru\u00a0 Dokumenty Wniosek\/karta sportowca Formularz zg\u0142oszeniowy na testy sprawno\u015bci fizycznej Zgoda rodzic\u00f3w na ucz\u0119szczanie dziecka do klasy sportowej\/mistrzostwa sportowego\u00a0 &nbsp;<\/p>\n","protected":false},"author":1,"featured_media":0,"parent":0,"menu_order":0,"comment_status":"closed","ping_status":"closed","template":"","meta":{"footnotes":""},"class_list":["post-1492","page","type-page","status-publish","hentry"],"_links":{"self":[{"href":"https:\/\/szkolapodlipami.pl\/index.php?rest_route=\/wp\/v2\/pages\/1492","targetHints":{"allow":["GET"]}}],"collection":[{"href":"https:\/\/szkolapodlipami.pl\/index.php?rest_route=\/wp\/v2\/pages"}],"about":[{"href":"https:\/\/szkolapodlipami.pl\/index.php?rest_route=\/wp\/v2\/types\/page"}],"author":[{"embeddable":true,"href":"https:\/\/szkolapodlipami.pl\/index.php?rest_route=\/wp\/v2\/users\/1"}],"replies":[{"embeddable":true,"href":"https:\/\/szkolapodlipami.pl\/index.php?rest_route=%2Fwp%2Fv2%2Fcomments&post=1492"}],"version-history":[{"count":25,"href":"https:\/\/szkolapodlipami.pl\/index.php?rest_route=\/wp\/v2\/pages\/1492\/revisions"}],"predecessor-version":[{"id":2565,"href":"https:\/\/szkolapodlipami.pl\/index.php?rest_route=\/wp\/v2\/pages\/1492\/revisions\/2565"}],"wp:attachment":[{"href":"https:\/\/szkolapodlipami.pl\/index.php?rest_route=%2Fwp%2Fv2%2Fmedia&parent=1492"}],"curies":[{"name":"wp","href":"https:\/\/api.w.org\/{rel}","templated":true}]}}