{"id":1307,"date":"2022-09-29T19:29:57","date_gmt":"2022-09-29T17:29:57","guid":{"rendered":"http:\/\/szkolapodlipami.pl\/?page_id=1307"},"modified":"2022-09-29T19:29:57","modified_gmt":"2022-09-29T17:29:57","slug":"jezyk-francuski-dla-najmlodszych","status":"publish","type":"page","link":"https:\/\/szkolapodlipami.pl\/?page_id=1307","title":{"rendered":"J\u0119zyk francuski dla najm\u0142odszych"},"content":{"rendered":"<p><strong>\u201eJ\u0119zyk francuski w zabawie i piosence\u201d<\/strong><\/p>\n<p>Prowadzenie: p. Agnieszka Mizu\u0142a<\/p>\n<p>Za\u0142o\u017ceniem programu skierowanego dla najm\u0142odszych uczni\u00f3w naszej szko\u0142y jest zainteresowanie dzieci kultur\u0105 Francji\u00a0 i nauka j\u0119zyka francuskiego poprzez zabaw\u0119 i muzyk\u0119.<\/p>\n<p>Uczniowie poznaj\u0105 zasady wymowy i pisania poprzez zaj\u0119cia odbywaj\u0105ce si\u0119 w atmosferze rado\u015bci, muzyki, ta\u0144ca, kr\u00f3tkich scenek rodzajowych, a nawet degustacji francuskich ser\u00f3w.<\/p>\n<p style=\"text-align: center;\"><img loading=\"lazy\" decoding=\"async\" class=\"aligncenter size-full wp-image-1308\" src=\"https:\/\/szkolapodlipami.pl\/wp-content\/uploads\/2022\/09\/Obraz2-1.png\" alt=\"\" width=\"420\" height=\"359\" srcset=\"https:\/\/szkolapodlipami.pl\/wp-content\/uploads\/2022\/09\/Obraz2-1.png 420w, https:\/\/szkolapodlipami.pl\/wp-content\/uploads\/2022\/09\/Obraz2-1-300x256.png 300w, https:\/\/szkolapodlipami.pl\/wp-content\/uploads\/2022\/09\/Obraz2-1-292x250.png 292w\" sizes=\"auto, (max-width: 420px) 100vw, 420px\" \/><\/p>\n","protected":false},"excerpt":{"rendered":"<p>\u201eJ\u0119zyk francuski w zabawie i piosence\u201d Prowadzenie: p. Agnieszka Mizu\u0142a Za\u0142o\u017ceniem programu skierowanego dla najm\u0142odszych uczni\u00f3w naszej szko\u0142y jest zainteresowanie dzieci kultur\u0105 Francji\u00a0 i nauka j\u0119zyka francuskiego poprzez zabaw\u0119 i muzyk\u0119. Uczniowie poznaj\u0105 zasady wymowy i pisania poprzez zaj\u0119cia odbywaj\u0105ce si\u0119 w atmosferze rado\u015bci, muzyki, ta\u0144ca, kr\u00f3tkich scenek rodzajowych, a &hellip;<\/p>\n","protected":false},"author":1,"featured_media":0,"parent":0,"menu_order":0,"comment_status":"closed","ping_status":"closed","template":"","meta":{"footnotes":""},"class_list":["post-1307","page","type-page","status-publish","hentry"],"_links":{"self":[{"href":"https:\/\/szkolapodlipami.pl\/index.php?rest_route=\/wp\/v2\/pages\/1307","targetHints":{"allow":["GET"]}}],"collection":[{"href":"https:\/\/szkolapodlipami.pl\/index.php?rest_route=\/wp\/v2\/pages"}],"about":[{"href":"https:\/\/szkolapodlipami.pl\/index.php?rest_route=\/wp\/v2\/types\/page"}],"author":[{"embeddable":true,"href":"https:\/\/szkolapodlipami.pl\/index.php?rest_route=\/wp\/v2\/users\/1"}],"replies":[{"embeddable":true,"href":"https:\/\/szkolapodlipami.pl\/index.php?rest_route=%2Fwp%2Fv2%2Fcomments&post=1307"}],"version-history":[{"count":1,"href":"https:\/\/szkolapodlipami.pl\/index.php?rest_route=\/wp\/v2\/pages\/1307\/revisions"}],"predecessor-version":[{"id":1309,"href":"https:\/\/szkolapodlipami.pl\/index.php?rest_route=\/wp\/v2\/pages\/1307\/revisions\/1309"}],"wp:attachment":[{"href":"https:\/\/szkolapodlipami.pl\/index.php?rest_route=%2Fwp%2Fv2%2Fmedia&parent=1307"}],"curies":[{"name":"wp","href":"https:\/\/api.w.org\/{rel}","templated":true}]}}