{"id":1292,"date":"2022-09-29T17:42:10","date_gmt":"2022-09-29T15:42:10","guid":{"rendered":"http:\/\/szkolapodlipami.pl\/?page_id=1292"},"modified":"2025-08-29T15:51:01","modified_gmt":"2025-08-29T13:51:01","slug":"egzamin-maturalny","status":"publish","type":"page","link":"https:\/\/szkolapodlipami.pl\/?page_id=1292","title":{"rendered":"Egzamin maturalny"},"content":{"rendered":"<h1>MATURA<\/h1>\n<table width=\"1030\">\n<tbody>\n<tr>\n<td width=\"367\"><strong>04.05.2026 (PONIEDZIA\u0141EK) j\u0119zyk polski\u00a0 <\/strong><\/p>\n<p><strong>05.05.2026 (WTOREK) matematyka <\/strong><\/p>\n<p><strong>06.05.2026 (\u015aRODA) j\u0119zyk angielski pp <\/strong><\/p>\n<p><strong>07.05.2026 (CZWARTEK) j\u0119zyk angielski pr <\/strong><\/p>\n<p><strong>08.05.2026 (PI\u0104TEK) biologia pr <\/strong><\/p>\n<p><strong>15.05.2026 (PI\u0104TEK) geografia pr <\/strong><\/p>\n<p><strong>inne przedmioty w zale\u017cno\u015bci od deklaracji maturalnych<\/strong><\/p>\n<p><strong>\u00a0<\/strong><\/p>\n<p><strong>WYNIKI 08.07.2026 (\u015aRODA) <\/strong><\/p>\n<p><strong>\u00a0<\/strong><\/td>\n<td width=\"425\"><strong>\u00a0<\/strong><\/p>\n<p><strong>J\u0119zyk polski 8 &#8211; 9, 11 &#8211; 14, 18 &#8211; 23 oraz 28 &#8211; 30 maja (15 dni)<\/strong><\/p>\n<p><strong>\u00a0<\/strong><\/p>\n<p><strong>J\u0119zyk angielski od 7 do 30 maja (z wyj\u0105tkiem 10 maja, 17 maja oraz 24 maja)<\/strong><\/p>\n<p>&nbsp;<\/p>\n<p><strong>Egzamin jest przeprowadzany w szko\u0142ach wed\u0142ug harmonogram\u00f3w ustalonych przez przewodnicz\u0105cych zespo\u0142\u00f3w egzaminacyjnych.<\/strong><\/td>\n<\/tr>\n<\/tbody>\n<\/table>\n<p>&nbsp;<\/p>\n<p>&nbsp;<\/p>\n","protected":false},"excerpt":{"rendered":"<p>MATURA 04.05.2026 (PONIEDZIA\u0141EK) j\u0119zyk polski\u00a0 05.05.2026 (WTOREK) matematyka 06.05.2026 (\u015aRODA) j\u0119zyk angielski pp 07.05.2026 (CZWARTEK) j\u0119zyk angielski pr 08.05.2026 (PI\u0104TEK) biologia pr 15.05.2026 (PI\u0104TEK) geografia pr inne przedmioty w zale\u017cno\u015bci od deklaracji maturalnych \u00a0 WYNIKI 08.07.2026 (\u015aRODA) \u00a0 \u00a0 J\u0119zyk polski 8 &#8211; 9, 11 &#8211; 14, 18 &#8211; 23 &hellip;<\/p>\n","protected":false},"author":1,"featured_media":0,"parent":0,"menu_order":0,"comment_status":"closed","ping_status":"closed","template":"","meta":{"footnotes":""},"class_list":["post-1292","page","type-page","status-publish","hentry"],"_links":{"self":[{"href":"https:\/\/szkolapodlipami.pl\/index.php?rest_route=\/wp\/v2\/pages\/1292","targetHints":{"allow":["GET"]}}],"collection":[{"href":"https:\/\/szkolapodlipami.pl\/index.php?rest_route=\/wp\/v2\/pages"}],"about":[{"href":"https:\/\/szkolapodlipami.pl\/index.php?rest_route=\/wp\/v2\/types\/page"}],"author":[{"embeddable":true,"href":"https:\/\/szkolapodlipami.pl\/index.php?rest_route=\/wp\/v2\/users\/1"}],"replies":[{"embeddable":true,"href":"https:\/\/szkolapodlipami.pl\/index.php?rest_route=%2Fwp%2Fv2%2Fcomments&post=1292"}],"version-history":[{"count":6,"href":"https:\/\/szkolapodlipami.pl\/index.php?rest_route=\/wp\/v2\/pages\/1292\/revisions"}],"predecessor-version":[{"id":2431,"href":"https:\/\/szkolapodlipami.pl\/index.php?rest_route=\/wp\/v2\/pages\/1292\/revisions\/2431"}],"wp:attachment":[{"href":"https:\/\/szkolapodlipami.pl\/index.php?rest_route=%2Fwp%2Fv2%2Fmedia&parent=1292"}],"curies":[{"name":"wp","href":"https:\/\/api.w.org\/{rel}","templated":true}]}}