{"id":1286,"date":"2022-09-29T17:22:24","date_gmt":"2022-09-29T15:22:24","guid":{"rendered":"http:\/\/szkolapodlipami.pl\/?page_id=1286"},"modified":"2025-08-29T15:50:41","modified_gmt":"2025-08-29T13:50:41","slug":"egzamin-osmoklasisty","status":"publish","type":"page","link":"https:\/\/szkolapodlipami.pl\/?page_id=1286","title":{"rendered":"Egzamin \u00f3smoklasisty"},"content":{"rendered":"<h1><strong>EGZAMIN \u00d3SMOKLASISTY\u00a0<\/strong><\/h1>\n<p>&nbsp;<\/p>\n<table width=\"1030\">\n<tbody>\n<tr>\n<td width=\"367\"><strong>11.05.2026 (WTOREK) j\u0119zyk polski <\/strong><\/p>\n<p><strong>12.05. 2026 (\u015aRODA) matematyka <\/strong><\/p>\n<p><strong>13.05.2026 (CZWARTEK) j\u0119zyk angielski <\/strong><\/p>\n<p><strong>\u00a0<\/strong><\/p>\n<p><strong>WYNIKI 03.07.2026 (PI\u0104TEK)<\/strong><\/td>\n<td width=\"425\"><strong>\u00a0Dodatkowy termin 08 &#8211; 10.06.2026 r. <\/strong><\/p>\n<p>&nbsp;<\/td>\n<\/tr>\n<\/tbody>\n<\/table>\n<h1><\/h1>\n","protected":false},"excerpt":{"rendered":"<p>EGZAMIN \u00d3SMOKLASISTY\u00a0 &nbsp; 11.05.2026 (WTOREK) j\u0119zyk polski 12.05. 2026 (\u015aRODA) matematyka 13.05.2026 (CZWARTEK) j\u0119zyk angielski \u00a0 WYNIKI 03.07.2026 (PI\u0104TEK) \u00a0Dodatkowy termin 08 &#8211; 10.06.2026 r. &nbsp;<\/p>\n","protected":false},"author":1,"featured_media":0,"parent":0,"menu_order":0,"comment_status":"closed","ping_status":"closed","template":"","meta":{"footnotes":""},"class_list":["post-1286","page","type-page","status-publish","hentry"],"_links":{"self":[{"href":"https:\/\/szkolapodlipami.pl\/index.php?rest_route=\/wp\/v2\/pages\/1286","targetHints":{"allow":["GET"]}}],"collection":[{"href":"https:\/\/szkolapodlipami.pl\/index.php?rest_route=\/wp\/v2\/pages"}],"about":[{"href":"https:\/\/szkolapodlipami.pl\/index.php?rest_route=\/wp\/v2\/types\/page"}],"author":[{"embeddable":true,"href":"https:\/\/szkolapodlipami.pl\/index.php?rest_route=\/wp\/v2\/users\/1"}],"replies":[{"embeddable":true,"href":"https:\/\/szkolapodlipami.pl\/index.php?rest_route=%2Fwp%2Fv2%2Fcomments&post=1286"}],"version-history":[{"count":7,"href":"https:\/\/szkolapodlipami.pl\/index.php?rest_route=\/wp\/v2\/pages\/1286\/revisions"}],"predecessor-version":[{"id":2430,"href":"https:\/\/szkolapodlipami.pl\/index.php?rest_route=\/wp\/v2\/pages\/1286\/revisions\/2430"}],"wp:attachment":[{"href":"https:\/\/szkolapodlipami.pl\/index.php?rest_route=%2Fwp%2Fv2%2Fmedia&parent=1286"}],"curies":[{"name":"wp","href":"https:\/\/api.w.org\/{rel}","templated":true}]}}