{"id":1277,"date":"2022-09-29T16:46:22","date_gmt":"2022-09-29T14:46:22","guid":{"rendered":"http:\/\/szkolapodlipami.pl\/?page_id=1277"},"modified":"2023-09-06T20:33:06","modified_gmt":"2023-09-06T18:33:06","slug":"szkolne-kolo-wolontariatu-bratek","status":"publish","type":"page","link":"https:\/\/szkolapodlipami.pl\/?page_id=1277","title":{"rendered":"SZKOLNE KO\u0141O WOLONTARIATU \u201eBRATEK\u201d"},"content":{"rendered":"<p style=\"text-align: center;\"><strong>SZKOLNE KO\u0141O WOLONTARIATU \u201eBRATEK\u201d<\/strong><\/p>\n<p><img loading=\"lazy\" decoding=\"async\" class=\"aligncenter size-full wp-image-1278\" src=\"https:\/\/szkolapodlipami.pl\/wp-content\/uploads\/2022\/09\/Obrazz1.png\" alt=\"\" width=\"277\" height=\"277\" srcset=\"https:\/\/szkolapodlipami.pl\/wp-content\/uploads\/2022\/09\/Obrazz1.png 277w, https:\/\/szkolapodlipami.pl\/wp-content\/uploads\/2022\/09\/Obrazz1-150x150.png 150w, https:\/\/szkolapodlipami.pl\/wp-content\/uploads\/2022\/09\/Obrazz1-250x250.png 250w\" sizes=\"auto, (max-width: 277px) 100vw, 277px\" \/><\/p>\n<p><strong>Co robimy?<\/strong><\/p>\n<p><strong>\u00a0<\/strong><\/p>\n<ul>\n<li>organizujemy okoliczno\u015bciowe kiermasze, akcje charytatywne (kiermasz jesienny, Bo\u017ce Narodzenie, Walentynki, Wielkanoc, Dzie\u0144 Mamy i Taty);<\/li>\n<li>pomagamy podopiecznym Hospicjum Palium i Domu opieki dla os\u00f3b bezdomnych w Poznaniu, starszym mieszka\u0144com naszego osiedla;<\/li>\n<li>wspieramy najm\u0142odszych uczni\u00f3w naszej szko\u0142y (np. odrabiamy z nimi lekcje w \u015bwietlicy szkolnej, organizujemy zaj\u0119cia rozwijaj\u0105ce zainteresowania),<\/li>\n<li>propagujemy idee wolontariatu i pomocy innym (zapraszamy przedstawicieli r\u00f3\u017cnych fundacji, organizujemy dni wolontariusza),<\/li>\n<li>w\u0142\u0105czamy si\u0119 w akcje organizowane przez inne instytucje (np. poniedzia\u0142kowe ciasto dla Hospicjum, maj\u00f3wka w Botaniku, zbi\u00f3rka \u017cywno\u015bci dla potrzebuj\u0105cych).<\/li>\n<\/ul>\n<p><a href=\"http:\/\/gim5pozn.vipserv.org\/Pliki\/innowacje\/Regulamin%20przyznawania%20punkt%c3%b3w%20za%20wolontariat.pdf\">Regulamin przyznawania punkt\u00f3w za wolontariat<\/a><\/p>\n<p><a href=\"http:\/\/gim5pozn.vipserv.org\/Pliki\/innowacje\/Wolontariat%20karta%20uczestnictwa%20(2).pdf\" target=\"_blank\" rel=\"noopener\">Karta uczestnictwa<\/a><\/p>\n","protected":false},"excerpt":{"rendered":"<p>SZKOLNE KO\u0141O WOLONTARIATU \u201eBRATEK\u201d Co robimy? \u00a0 organizujemy okoliczno\u015bciowe kiermasze, akcje charytatywne (kiermasz jesienny, Bo\u017ce Narodzenie, Walentynki, Wielkanoc, Dzie\u0144 Mamy i Taty); pomagamy podopiecznym Hospicjum Palium i Domu opieki dla os\u00f3b bezdomnych w Poznaniu, starszym mieszka\u0144com naszego osiedla; wspieramy najm\u0142odszych uczni\u00f3w naszej szko\u0142y (np. odrabiamy z nimi lekcje w \u015bwietlicy &hellip;<\/p>\n","protected":false},"author":1,"featured_media":0,"parent":0,"menu_order":0,"comment_status":"closed","ping_status":"closed","template":"","meta":{"footnotes":""},"class_list":["post-1277","page","type-page","status-publish","hentry"],"_links":{"self":[{"href":"https:\/\/szkolapodlipami.pl\/index.php?rest_route=\/wp\/v2\/pages\/1277","targetHints":{"allow":["GET"]}}],"collection":[{"href":"https:\/\/szkolapodlipami.pl\/index.php?rest_route=\/wp\/v2\/pages"}],"about":[{"href":"https:\/\/szkolapodlipami.pl\/index.php?rest_route=\/wp\/v2\/types\/page"}],"author":[{"embeddable":true,"href":"https:\/\/szkolapodlipami.pl\/index.php?rest_route=\/wp\/v2\/users\/1"}],"replies":[{"embeddable":true,"href":"https:\/\/szkolapodlipami.pl\/index.php?rest_route=%2Fwp%2Fv2%2Fcomments&post=1277"}],"version-history":[{"count":7,"href":"https:\/\/szkolapodlipami.pl\/index.php?rest_route=\/wp\/v2\/pages\/1277\/revisions"}],"predecessor-version":[{"id":1636,"href":"https:\/\/szkolapodlipami.pl\/index.php?rest_route=\/wp\/v2\/pages\/1277\/revisions\/1636"}],"wp:attachment":[{"href":"https:\/\/szkolapodlipami.pl\/index.php?rest_route=%2Fwp%2Fv2%2Fmedia&parent=1277"}],"curies":[{"name":"wp","href":"https:\/\/api.w.org\/{rel}","templated":true}]}}