{"id":1253,"date":"2022-09-25T09:38:46","date_gmt":"2022-09-25T07:38:46","guid":{"rendered":"http:\/\/szkolapodlipami.pl\/?page_id=1253"},"modified":"2022-09-25T09:38:46","modified_gmt":"2022-09-25T07:38:46","slug":"historia-szkoly","status":"publish","type":"page","link":"https:\/\/szkolapodlipami.pl\/?page_id=1253","title":{"rendered":"Historia szko\u0142y"},"content":{"rendered":"<p><strong>KALENDARIUM \u2013 HISTORIA SZKOLY<\/strong><\/p>\n<p><strong>13 XII 1968<\/strong> &#8211; wmurowanie aktu erekcyjnego pod budow\u0119 szko\u0142y<\/p>\n<p><strong>29 VII 1969 &#8211; <\/strong>uchwa\u0142a Prezydium Wojew\u00f3dzkiej Rady Narodowej w Poznaniu z dn. 29 lipca 1969 roku o powo\u0142aniu Szko\u0142y Podstawowej nr 29 na Osiedlu Pod Lipami<\/p>\n<p><strong>17 XI 1969 &#8211; <\/strong>uroczyste otwarcie szko\u0142y &#8211; Po 2 dniach lekcji dokonano otwarcia szko\u0142y, kt\u00f3rej nazwa brzmi: <strong>Szko\u0142a Podstawowa nr 29 im. Jana Kochanowskiego<\/strong> w Poznaniu<\/p>\n<p><strong>12 V 1970 <\/strong>&#8211; szko\u0142a otrzymuje sztandar<\/p>\n<p><strong>3 IX 1983 <\/strong>&#8211; otrzymanie statusu szko\u0142y sportowej<\/p>\n<p><strong>Rok szkolny 1997\/98 \u2013 <\/strong>nawi\u0105zanie wsp\u00f3\u0142pracy ze Sportowym Stowarzyszeniem Inwalid\u00f3w \u201eStart\u201d oraz utworzenie Mi\u0119dzyszkolnego Integracyjnego Klubu Sportowego \u201eStart\u201d<\/p>\n<p><strong>Wrzesie\u0144 2002 <\/strong>&#8211; powstanie Zespo\u0142u Szk\u00f3\u0142 z Oddzia\u0142ami Sportowymi nr 1<\/p>\n<p><strong>Wrzesie\u0144 2004 <\/strong>&#8211; powstanie klas sportowych o profilu siatk\u00f3wka w szkole podstawowej \u00a0i gimnazjum<\/p>\n<p><strong>1 IX 2005 <\/strong>&#8211; uzyskanie przez <strong>Gimnazjum nr 5<\/strong> statusu <strong>Gimnazjum Mistrzostwa Sportowego<\/strong><\/p>\n<p><strong>Grudzie\u0144 2005 <\/strong>&#8211; powstanie Integracyjnego Uczniowskiego Klubu Sportowego \u201eJedynka\u201d<\/p>\n<p><strong>Wrzesie\u0144 2006 <\/strong>&#8211; powstanie pierwszej sportowej klasy integracyjnej w ramach projektu \u201eSzkolenie sportowe \u00a0w integracyjnych klasach sportowych\u201d<\/p>\n<p><strong>Stycze\u0144 2008 <\/strong>&#8211; rozpocz\u0119cie stara\u0144 o nadanie gimnazjum imienia Kazimierza Nowaka<\/p>\n<p><strong>1 V 2009 <\/strong>&#8211; nadanie imienia oraz sztandaru dla Gimnazjum nr 5<\/p>\n<p><strong>8 III 1976 &#8211;<\/strong> pocz\u0105tek wsp\u00f3\u0142pracy z KS Posnania<\/p>\n<p><strong>7 XII 2005 &#8211; <\/strong>powo\u0142anie Uczniowskiego Klubu Sportowego Jedynka (UKS 1)<\/p>\n<p><strong>14 XII 2016\/28 II 2017 &#8211; <\/strong>uchwa\u0142a w sprawie utworzenia Liceum Sportowego przy Zespole Szk\u00f3\u0142 z Oddzia\u0142ami Sportowymi nr 1<\/p>\n<p><strong>Rok szkolny 2019\/2020 <\/strong>&#8211; pocz\u0105tek dzia\u0142alno\u015bci<strong> Liceum Sportowego<\/strong> przy ZSzOS nr 1<\/p>\n<p><a href=\"http:\/\/gim5pozn.vipserv.org\/Pliki\/innowacje\/publikacja%2050%20-%20lecie%20szko%c5%82y.pdf\" target=\"_blank\" rel=\"noopener\">Publikacja na 50-lecie Szko\u0142y<\/a><\/p>\n<p><strong>\u00a0<\/strong><\/p>\n<p>&nbsp;<\/p>\n","protected":false},"excerpt":{"rendered":"<p>KALENDARIUM \u2013 HISTORIA SZKOLY 13 XII 1968 &#8211; wmurowanie aktu erekcyjnego pod budow\u0119 szko\u0142y 29 VII 1969 &#8211; uchwa\u0142a Prezydium Wojew\u00f3dzkiej Rady Narodowej w Poznaniu z dn. 29 lipca 1969 roku o powo\u0142aniu Szko\u0142y Podstawowej nr 29 na Osiedlu Pod Lipami 17 XI 1969 &#8211; uroczyste otwarcie szko\u0142y &#8211; Po &hellip;<\/p>\n","protected":false},"author":1,"featured_media":0,"parent":0,"menu_order":0,"comment_status":"closed","ping_status":"closed","template":"","meta":{"footnotes":""},"class_list":["post-1253","page","type-page","status-publish","hentry"],"_links":{"self":[{"href":"https:\/\/szkolapodlipami.pl\/index.php?rest_route=\/wp\/v2\/pages\/1253","targetHints":{"allow":["GET"]}}],"collection":[{"href":"https:\/\/szkolapodlipami.pl\/index.php?rest_route=\/wp\/v2\/pages"}],"about":[{"href":"https:\/\/szkolapodlipami.pl\/index.php?rest_route=\/wp\/v2\/types\/page"}],"author":[{"embeddable":true,"href":"https:\/\/szkolapodlipami.pl\/index.php?rest_route=\/wp\/v2\/users\/1"}],"replies":[{"embeddable":true,"href":"https:\/\/szkolapodlipami.pl\/index.php?rest_route=%2Fwp%2Fv2%2Fcomments&post=1253"}],"version-history":[{"count":1,"href":"https:\/\/szkolapodlipami.pl\/index.php?rest_route=\/wp\/v2\/pages\/1253\/revisions"}],"predecessor-version":[{"id":1254,"href":"https:\/\/szkolapodlipami.pl\/index.php?rest_route=\/wp\/v2\/pages\/1253\/revisions\/1254"}],"wp:attachment":[{"href":"https:\/\/szkolapodlipami.pl\/index.php?rest_route=%2Fwp%2Fv2%2Fmedia&parent=1253"}],"curies":[{"name":"wp","href":"https:\/\/api.w.org\/{rel}","templated":true}]}}