{"id":1207,"date":"2022-09-24T14:02:16","date_gmt":"2022-09-24T12:02:16","guid":{"rendered":"http:\/\/szkolapodlipami.pl\/?page_id=1207"},"modified":"2026-04-07T07:11:03","modified_gmt":"2026-04-07T05:11:03","slug":"zespol-szkol-z-oddzialami-sportowymi-nr-1","status":"publish","type":"page","link":"https:\/\/szkolapodlipami.pl\/","title":{"rendered":"ZSzOS nr 1 w Poznaniu"},"content":{"rendered":"\r\n<div class=\"xdj266r x11i5rnm xat24cr x1mh8g0r x1vvkbs x126k92a wp-block-gallery-1 is-layout-flex wp-block-gallery-is-layout-flex\">\r\n<p><img loading=\"lazy\" decoding=\"async\" class=\"wp-image-2577 aligncenter\" src=\"https:\/\/szkolapodlipami.pl\/wp-content\/uploads\/2026\/04\/komunikat-obwody.jpg\" alt=\"\" width=\"538\" height=\"761\" \/><img loading=\"lazy\" decoding=\"async\" class=\"wp-image-2575 aligncenter\" src=\"https:\/\/szkolapodlipami.pl\/wp-content\/uploads\/2026\/03\/prezentacja-oferty-Sportowego-Liceum-informacje-o-klasie-Mistrzostwa-Sportowego-spotkanie-z-dyrekcja-nauczycielami-i-trenerami-zasady-rekrutacji-zwiedzanie-szkoly-i-obiektow-sportowych.jpg\" alt=\"\" width=\"735\" height=\"1040\" \/><\/p>\r\n<p><span style=\"text-align: justify;\">Zesp\u00f3\u0142 Szk\u00f3\u0142 z Oddzia\u0142ami Sportowymi nr 1 od ponad 50 lat wychowuje i kszta\u0142ci m\u0142odych, zdolnych sportowc\u00f3w. Wyr\u00f3\u017cnikiem szko\u0142y jest powi\u0105zanie szerokiej oferty sportowej z procesem dydaktycznym. Harmonijny rozw\u00f3j m\u0142odego cz\u0142owieka umo\u017cliwia koncepcja wychowywania przez sport. Mocn\u0105 stron\u0105 plac\u00f3wki jest umiej\u0119tne po\u0142\u0105czenie rozwoju sportowego ucznia z oczekiwanym przez rodzic\u00f3w wysokim poziomem nauczania. Mistrzostwo w tej szkole rozumiane jest bowiem wielorako. By\u0107 mistrzem w danej dziedzinie to znaczy osi\u0105gn\u0105\u0107 wysoki pu\u0142ap umiej\u0119tno\u015bci, zdobywa\u0107 najwi\u0119ksze trofea. Ale by\u0107 mistrzem dla samego siebie, to rozwija\u0107 si\u0119, stawia\u0107 sobie wymagania i pokonywa\u0107 trudno\u015bci. W takim rozumieniu Sportowa Szko\u0142a Podstawowa nr 29 oraz Sportowe Liceum im. Kazimierza Nowaka kszta\u0142ci i wychowuje swoich uczni\u00f3w i z takim samym podej\u015bciem nauczyciele wykorzystuj\u0105 w\u0142asny potencja\u0142 pedagogiczny.<\/span><\/p>\r\n<\/div>\r\n<p><iframe loading=\"lazy\" title=\"YouTube video player\" src=\"https:\/\/www.youtube.com\/embed\/KBxl_Lpb8hw?controls=0\" width=\"560\" height=\"315\" frameborder=\"0\" allowfullscreen=\"allowfullscreen\"><\/iframe><\/p>","protected":false},"excerpt":{"rendered":"","protected":false},"author":1,"featured_media":0,"parent":0,"menu_order":0,"comment_status":"closed","ping_status":"closed","template":"","meta":{"footnotes":""},"class_list":["post-1207","page","type-page","status-publish","hentry"],"_links":{"self":[{"href":"https:\/\/szkolapodlipami.pl\/index.php?rest_route=\/wp\/v2\/pages\/1207","targetHints":{"allow":["GET"]}}],"collection":[{"href":"https:\/\/szkolapodlipami.pl\/index.php?rest_route=\/wp\/v2\/pages"}],"about":[{"href":"https:\/\/szkolapodlipami.pl\/index.php?rest_route=\/wp\/v2\/types\/page"}],"author":[{"embeddable":true,"href":"https:\/\/szkolapodlipami.pl\/index.php?rest_route=\/wp\/v2\/users\/1"}],"replies":[{"embeddable":true,"href":"https:\/\/szkolapodlipami.pl\/index.php?rest_route=%2Fwp%2Fv2%2Fcomments&post=1207"}],"version-history":[{"count":188,"href":"https:\/\/szkolapodlipami.pl\/index.php?rest_route=\/wp\/v2\/pages\/1207\/revisions"}],"predecessor-version":[{"id":2581,"href":"https:\/\/szkolapodlipami.pl\/index.php?rest_route=\/wp\/v2\/pages\/1207\/revisions\/2581"}],"wp:attachment":[{"href":"https:\/\/szkolapodlipami.pl\/index.php?rest_route=%2Fwp%2Fv2%2Fmedia&parent=1207"}],"curies":[{"name":"wp","href":"https:\/\/api.w.org\/{rel}","templated":true}]}}