{"id":114,"date":"2019-08-20T21:37:46","date_gmt":"2019-08-20T19:37:46","guid":{"rendered":"http:\/\/szkolapodlipami.pl\/?page_id=114"},"modified":"2025-09-08T18:33:48","modified_gmt":"2025-09-08T16:33:48","slug":"procedura-wynajmu-obiektow-sportowych","status":"publish","type":"page","link":"https:\/\/szkolapodlipami.pl\/?page_id=114","title":{"rendered":"Procedura wynajmu obiekt\u00f3w sportowych i sal lekcyjnych"},"content":{"rendered":"<p style=\"text-align: justify;\"><strong>W Zespole Szk\u00f3\u0142 z Oddzia\u0142ami Sportowymi Nr 1 w Poznaniu, os. Pod Lipami 106 &#8211; oferujemy do wynaj\u0119cia pomieszczenie biurowe, hal\u0119 sportow\u0105, oraz sale dydaktyczne przygotowane pod wynajem.<\/strong><\/p>\n<p style=\"text-align: justify;\">Kontakt: Joanna Wi\u0142un &#8211; 61 820-05-91 wew.104<\/p>\n<p>&nbsp;<\/p>\n<p>&nbsp;<\/p>\n","protected":false},"excerpt":{"rendered":"<p>W Zespole Szk\u00f3\u0142 z Oddzia\u0142ami Sportowymi Nr 1 w Poznaniu, os. Pod Lipami 106 &#8211; oferujemy do wynaj\u0119cia pomieszczenie biurowe, hal\u0119 sportow\u0105, oraz sale dydaktyczne przygotowane pod wynajem. Kontakt: Joanna Wi\u0142un &#8211; 61 820-05-91 wew.104 &nbsp; &nbsp;<\/p>\n","protected":false},"author":1,"featured_media":0,"parent":0,"menu_order":0,"comment_status":"closed","ping_status":"closed","template":"","meta":{"footnotes":""},"class_list":["post-114","page","type-page","status-publish","hentry"],"_links":{"self":[{"href":"https:\/\/szkolapodlipami.pl\/index.php?rest_route=\/wp\/v2\/pages\/114","targetHints":{"allow":["GET"]}}],"collection":[{"href":"https:\/\/szkolapodlipami.pl\/index.php?rest_route=\/wp\/v2\/pages"}],"about":[{"href":"https:\/\/szkolapodlipami.pl\/index.php?rest_route=\/wp\/v2\/types\/page"}],"author":[{"embeddable":true,"href":"https:\/\/szkolapodlipami.pl\/index.php?rest_route=\/wp\/v2\/users\/1"}],"replies":[{"embeddable":true,"href":"https:\/\/szkolapodlipami.pl\/index.php?rest_route=%2Fwp%2Fv2%2Fcomments&post=114"}],"version-history":[{"count":10,"href":"https:\/\/szkolapodlipami.pl\/index.php?rest_route=\/wp\/v2\/pages\/114\/revisions"}],"predecessor-version":[{"id":2452,"href":"https:\/\/szkolapodlipami.pl\/index.php?rest_route=\/wp\/v2\/pages\/114\/revisions\/2452"}],"wp:attachment":[{"href":"https:\/\/szkolapodlipami.pl\/index.php?rest_route=%2Fwp%2Fv2%2Fmedia&parent=114"}],"curies":[{"name":"wp","href":"https:\/\/api.w.org\/{rel}","templated":true}]}}