{"id":100,"date":"2019-08-20T21:28:41","date_gmt":"2019-08-20T19:28:41","guid":{"rendered":"http:\/\/szkolapodlipami.pl\/?page_id=100"},"modified":"2025-10-13T15:16:58","modified_gmt":"2025-10-13T13:16:58","slug":"sekcja-siatkowki-2","status":"publish","type":"page","link":"https:\/\/szkolapodlipami.pl\/?page_id=100","title":{"rendered":"Kadra trenerska"},"content":{"rendered":"<p><strong>Sekcja siatk\u00f3wki<\/strong> w naszej szkole opiera si\u0119 g\u0142\u00f3wnie na wsp\u00f3\u0142pracy z przyszkolnym klubem sportowym <strong>IUKS Jedynka Pozna\u0144.<\/strong> Zaj\u0119cia przeznaczone s\u0105 dla uczni\u00f3w od 1 klasy szko\u0142y podstawowej, a\u017c do wieku juniora (U-19).<\/p>\n<p>Nasi zawodnicy startuj\u0105 w rozgrywkach:<\/p>\n<ul>\n<li>Szkolnego Zwi\u0105zku Sportowego \u2013 Igrzyska Dzieci, Igrzyska M\u0142odzie\u017cy Szkolnej, Licealiada;<\/li>\n<li>Wielkopolskiego Zwi\u0105zku Sportowego \u2013 Wojew\u00f3dzka Liga M\u0142odzik\u00f3w, Wojew\u00f3dzka Liga Kadet\u00f3w, Wojew\u00f3dzka Liga Junior\u00f3w, 3 liga;<\/li>\n<li>Polskiego Zwi\u0105zku Pi\u0142ki Siatkowej \u2013 Rozgrywki minisiatk\u00f3wki Kinder+Sport, M\u0142odzie\u017cowe Mistrzostwa Polski.<\/li>\n<\/ul>\n<p><img loading=\"lazy\" decoding=\"async\" class=\"alignnone  wp-image-2523\" src=\"https:\/\/szkolapodlipami.pl\/wp-content\/uploads\/2025\/10\/image001.jpg\" alt=\"\" width=\"752\" height=\"188\" \/><\/p>\n<p><b>KADRA TRENERSKA:\u00a0<\/b><\/p>\n<table>\n<tbody>\n<tr>\n<td width=\"190\">ANIO\u0141 MA\u0141GORZATA<\/td>\n<td width=\"223\"><img loading=\"lazy\" decoding=\"async\" class=\"alignnone size-full wp-image-2512\" src=\"https:\/\/szkolapodlipami.pl\/wp-content\/uploads\/2025\/10\/image002.jpg\" alt=\"\" width=\"409\" height=\"409\" \/><\/td>\n<td width=\"191\">Trener I klasy<\/p>\n<p>Grupy: 1 i 2 klasa LO ch\u0142opcy<\/p>\n<p>Zespo\u0142y: Kadet<\/td>\n<\/tr>\n<tr>\n<td width=\"190\">BEKAS ALEKSANDRA<\/td>\n<td width=\"223\">\u00a0<img loading=\"lazy\" decoding=\"async\" class=\"alignnone size-full wp-image-2514\" src=\"https:\/\/szkolapodlipami.pl\/wp-content\/uploads\/2025\/10\/image003.jpg\" alt=\"\" width=\"412\" height=\"412\" \/><\/td>\n<td width=\"191\">Trener PZPS<\/p>\n<p>Grupy:\u00a0 1 klasa SP<\/p>\n<p>4, 5, 8 klasa dziewcz\u0119ta<\/p>\n<p>LO dziewcz\u0119ta<\/p>\n<p>Zespo\u0142y: Minisiatk\u00f3wka dziewcz\u0105t<\/td>\n<\/tr>\n<tr>\n<td width=\"190\">CIARKA DAGMARA<\/td>\n<td width=\"223\"><img loading=\"lazy\" decoding=\"async\" class=\"alignnone size-full wp-image-2515\" src=\"https:\/\/szkolapodlipami.pl\/wp-content\/uploads\/2025\/10\/image004.jpg\" alt=\"\" width=\"415\" height=\"415\" \/><\/td>\n<td width=\"191\">Trener II klasy<\/p>\n<p>Grupy:\u00a0 2 klasa SP<\/p>\n<p>6 klasa ch\u0142opcy<\/p>\n<p>Zespo\u0142y: Minisiatk\u00f3wka ch\u0142opcy<\/td>\n<\/tr>\n<tr>\n<td width=\"190\">KO\u0141ODZIEJSKI PIOTR<\/td>\n<td width=\"223\"><img loading=\"lazy\" decoding=\"async\" class=\"alignnone size-full wp-image-2522\" src=\"https:\/\/szkolapodlipami.pl\/wp-content\/uploads\/2025\/10\/image005-1.jpg\" alt=\"\" width=\"428\" height=\"428\" \/><\/td>\n<td width=\"191\">Trener II klasy<\/p>\n<p>Grupy: 3 klasa SP<\/p>\n<p>1, 2 LO ch\u0142opcy<\/p>\n<p>Zespo\u0142y: M\u0142odzik, Kadet, Junior<\/td>\n<\/tr>\n<tr>\n<td width=\"190\">KOPROWICZ KAMIL<\/td>\n<td width=\"223\"><img loading=\"lazy\" decoding=\"async\" class=\"alignnone size-full wp-image-2517\" src=\"https:\/\/szkolapodlipami.pl\/wp-content\/uploads\/2025\/10\/image006.jpg\" alt=\"\" width=\"422\" height=\"422\" \/><\/td>\n<td width=\"191\">Trener PZPS<\/p>\n<p>Grupy: 5 klasa ch\u0142opcy<\/p>\n<p>Zespo\u0142y: Minisiatk\u00f3wka,<\/td>\n<\/tr>\n<tr>\n<td width=\"190\">PIECHNA \u0141UKASZ<\/td>\n<td width=\"223\"><img loading=\"lazy\" decoding=\"async\" class=\"alignnone size-full wp-image-2518\" src=\"https:\/\/szkolapodlipami.pl\/wp-content\/uploads\/2025\/10\/image007.jpg\" alt=\"\" width=\"435\" height=\"435\" \/><\/td>\n<td width=\"191\">Trener II klasy<\/p>\n<p>Grupy: 7, 8 klasa ch\u0142opcy<\/p>\n<p>Zespo\u0142y: m\u0142odzik<\/td>\n<\/tr>\n<tr>\n<td width=\"190\">ROSZAK PIOTR<\/td>\n<td width=\"223\"><img loading=\"lazy\" decoding=\"async\" class=\"alignnone size-full wp-image-2519\" src=\"https:\/\/szkolapodlipami.pl\/wp-content\/uploads\/2025\/10\/image008.jpg\" alt=\"\" width=\"434\" height=\"434\" \/><\/td>\n<td width=\"191\">Trener PZPS<\/p>\n<p>Grupy: 5, 7, 8 klasa ch\u0142opcy<\/p>\n<p>Zespo\u0142y: Minisiatk\u00f3wka, m\u0142odzik<\/td>\n<\/tr>\n<tr>\n<td width=\"190\">RYBAKOWSKI DAWID<\/td>\n<td width=\"223\"><img loading=\"lazy\" decoding=\"async\" class=\"alignnone size-full wp-image-2520\" src=\"https:\/\/szkolapodlipami.pl\/wp-content\/uploads\/2025\/10\/image009.jpg\" alt=\"\" width=\"432\" height=\"432\" \/><\/td>\n<td width=\"191\">Trener PZPS<\/p>\n<p>Grupy: 6, 7 klasa dziewcz\u0119ta<\/p>\n<p>Zespo\u0142y: Minisiatk\u00f3wka<\/p>\n<p>&nbsp;<\/td>\n<\/tr>\n<tr>\n<td width=\"190\">STACHOWSKI MARCIN<\/td>\n<td width=\"223\"><img loading=\"lazy\" decoding=\"async\" class=\"alignnone size-full wp-image-2521\" src=\"https:\/\/szkolapodlipami.pl\/wp-content\/uploads\/2025\/10\/image010.jpg\" alt=\"\" width=\"430\" height=\"430\" \/><\/td>\n<td width=\"191\">Trener PZPS<\/p>\n<p>Grupy: 4 SSP, 3 i 4 LO ch\u0142opcy<\/p>\n<p>Zespo\u0142y: Junior<\/td>\n<\/tr>\n<\/tbody>\n<\/table>\n","protected":false},"excerpt":{"rendered":"<p>Sekcja siatk\u00f3wki w naszej szkole opiera si\u0119 g\u0142\u00f3wnie na wsp\u00f3\u0142pracy z przyszkolnym klubem sportowym IUKS Jedynka Pozna\u0144. Zaj\u0119cia przeznaczone s\u0105 dla uczni\u00f3w od 1 klasy szko\u0142y podstawowej, a\u017c do wieku juniora (U-19). Nasi zawodnicy startuj\u0105 w rozgrywkach: Szkolnego Zwi\u0105zku Sportowego \u2013 Igrzyska Dzieci, Igrzyska M\u0142odzie\u017cy Szkolnej, Licealiada; Wielkopolskiego Zwi\u0105zku Sportowego &hellip;<\/p>\n","protected":false},"author":1,"featured_media":0,"parent":0,"menu_order":0,"comment_status":"closed","ping_status":"closed","template":"","meta":{"footnotes":""},"class_list":["post-100","page","type-page","status-publish","hentry"],"_links":{"self":[{"href":"https:\/\/szkolapodlipami.pl\/index.php?rest_route=\/wp\/v2\/pages\/100","targetHints":{"allow":["GET"]}}],"collection":[{"href":"https:\/\/szkolapodlipami.pl\/index.php?rest_route=\/wp\/v2\/pages"}],"about":[{"href":"https:\/\/szkolapodlipami.pl\/index.php?rest_route=\/wp\/v2\/types\/page"}],"author":[{"embeddable":true,"href":"https:\/\/szkolapodlipami.pl\/index.php?rest_route=\/wp\/v2\/users\/1"}],"replies":[{"embeddable":true,"href":"https:\/\/szkolapodlipami.pl\/index.php?rest_route=%2Fwp%2Fv2%2Fcomments&post=100"}],"version-history":[{"count":17,"href":"https:\/\/szkolapodlipami.pl\/index.php?rest_route=\/wp\/v2\/pages\/100\/revisions"}],"predecessor-version":[{"id":2524,"href":"https:\/\/szkolapodlipami.pl\/index.php?rest_route=\/wp\/v2\/pages\/100\/revisions\/2524"}],"wp:attachment":[{"href":"https:\/\/szkolapodlipami.pl\/index.php?rest_route=%2Fwp%2Fv2%2Fmedia&parent=100"}],"curies":[{"name":"wp","href":"https:\/\/api.w.org\/{rel}","templated":true}]}}